{"id":10,"date":"2023-05-15T16:49:24","date_gmt":"2023-05-15T14:49:24","guid":{"rendered":"https:\/\/asso-cide.org\/centre-baudelaire\/?page_id=10"},"modified":"2026-02-18T10:27:52","modified_gmt":"2026-02-18T09:27:52","slug":"prevention","status":"publish","type":"page","link":"https:\/\/chimene.org\/centre-baudelaire\/prevention\/","title":{"rendered":"Pr\u00e9vention"},"content":{"rendered":"\n<div class=\"wp-block-columns is-layout-flex wp-container-core-columns-is-layout-9d6595d7 wp-block-columns-is-layout-flex\">\n<div class=\"wp-block-column is-layout-flow wp-block-column-is-layout-flow\">\n<figure class=\"wp-block-image size-large\"><img decoding=\"async\" src=\"https:\/\/chimene.org\/wp-content\/uploads\/sites\/3\/2022\/06\/ILLU_Chimene_CJC_200105.jpg\" alt=\"\"\/><\/figure>\n\n\n\n<figure class=\"wp-block-image size-large\"><img decoding=\"async\" src=\"https:\/\/chimene.org\/wp-content\/uploads\/sites\/3\/2022\/07\/affiche-mois-sans-tabac-768x1024.jpg\" alt=\"\" class=\"wp-image-113\"\/><\/figure>\n<\/div>\n\n\n\n<div class=\"wp-block-column is-layout-flow wp-block-column-is-layout-flow\">\n<h2 class=\"wp-block-heading\">La Pr\u00e9vention<\/h2>\n\n\n\n<p class=\"grand\">Des professionnels se mobilisent pour assurer des missions de pr\u00e9vention \u00e0 destination des professionnels de sant\u00e9. L&rsquo;\u00e9quipe se mobilise \u00e9galement sur des missions de pr\u00e9vention initi\u00e9es par le Minist\u00e8re de la Sant\u00e9 comme \u00ab&nbsp;Le moi(s) sans tabac&nbsp;\u00bb<\/p>\n<\/div>\n<\/div>\n","protected":false},"excerpt":{"rendered":"<p>La Pr\u00e9vention Des professionnels se mobilisent pour assurer des missions de pr\u00e9vention \u00e0 destination des professionnels de sant\u00e9. L&rsquo;\u00e9quipe se mobilise \u00e9galement sur des missions de pr\u00e9vention initi\u00e9es par le Minist\u00e8re de la Sant\u00e9 comme \u00ab&nbsp;Le moi(s) sans tabac&nbsp;\u00bb<\/p>\n","protected":false},"author":1,"featured_media":0,"parent":0,"menu_order":0,"comment_status":"closed","ping_status":"closed","template":"","meta":{"footnotes":""},"class_list":["post-10","page","type-page","status-publish","hentry"],"yoast_head":"<!-- This site is optimized with the Yoast SEO plugin v27.0 - https:\/\/yoast.com\/product\/yoast-seo-wordpress\/ -->\n<title>Pr\u00e9vention - CSAPA Baudelaire<\/title>\n<meta name=\"robots\" content=\"index, follow, max-snippet:-1, max-image-preview:large, max-video-preview:-1\" \/>\n<link rel=\"canonical\" href=\"https:\/\/chimene.org\/centre-baudelaire\/prevention\/\" \/>\n<meta property=\"og:locale\" content=\"fr_FR\" \/>\n<meta property=\"og:type\" content=\"article\" \/>\n<meta property=\"og:title\" content=\"Pr\u00e9vention - CSAPA Baudelaire\" \/>\n<meta property=\"og:description\" content=\"La Pr\u00e9vention Des professionnels se mobilisent pour assurer des missions de pr\u00e9vention \u00e0 destination des professionnels de sant\u00e9. L&rsquo;\u00e9quipe se mobilise \u00e9galement sur des missions de pr\u00e9vention initi\u00e9es par le Minist\u00e8re de la Sant\u00e9 comme \u00ab&nbsp;Le moi(s) sans tabac&nbsp;\u00bb\" \/>\n<meta property=\"og:url\" content=\"https:\/\/chimene.org\/centre-baudelaire\/prevention\/\" \/>\n<meta property=\"og:site_name\" content=\"CSAPA Baudelaire\" \/>\n<meta property=\"article:modified_time\" content=\"2026-02-18T09:27:52+00:00\" \/>\n<meta property=\"og:image\" content=\"https:\/\/chimene.org\/wp-content\/uploads\/sites\/3\/2022\/06\/ILLU_Chimene_CJC_200105.jpg\" \/>\n<meta name=\"twitter:card\" content=\"summary_large_image\" \/>\n<meta name=\"twitter:label1\" content=\"Dur\u00e9e de lecture estim\u00e9e\" \/>\n\t<meta name=\"twitter:data1\" content=\"1 minute\" \/>\n<script type=\"application\/ld+json\" class=\"yoast-schema-graph\">{\"@context\":\"https:\/\/schema.org\",\"@graph\":[{\"@type\":\"WebPage\",\"@id\":\"https:\/\/chimene.org\/centre-baudelaire\/prevention\/\",\"url\":\"https:\/\/chimene.org\/centre-baudelaire\/prevention\/\",\"name\":\"Pr\u00e9vention - CSAPA Baudelaire\",\"isPartOf\":{\"@id\":\"https:\/\/chimene.org\/centre-baudelaire\/#website\"},\"primaryImageOfPage\":{\"@id\":\"https:\/\/chimene.org\/centre-baudelaire\/prevention\/#primaryimage\"},\"image\":{\"@id\":\"https:\/\/chimene.org\/centre-baudelaire\/prevention\/#primaryimage\"},\"thumbnailUrl\":\"https:\/\/chimene.org\/wp-content\/uploads\/sites\/3\/2022\/06\/ILLU_Chimene_CJC_200105.jpg\",\"datePublished\":\"2023-05-15T14:49:24+00:00\",\"dateModified\":\"2026-02-18T09:27:52+00:00\",\"breadcrumb\":{\"@id\":\"https:\/\/chimene.org\/centre-baudelaire\/prevention\/#breadcrumb\"},\"inLanguage\":\"fr-FR\",\"potentialAction\":[{\"@type\":\"ReadAction\",\"target\":[\"https:\/\/chimene.org\/centre-baudelaire\/prevention\/\"]}]},{\"@type\":\"ImageObject\",\"inLanguage\":\"fr-FR\",\"@id\":\"https:\/\/chimene.org\/centre-baudelaire\/prevention\/#primaryimage\",\"url\":\"https:\/\/chimene.org\/wp-content\/uploads\/sites\/3\/2022\/06\/ILLU_Chimene_CJC_200105.jpg\",\"contentUrl\":\"https:\/\/chimene.org\/wp-content\/uploads\/sites\/3\/2022\/06\/ILLU_Chimene_CJC_200105.jpg\"},{\"@type\":\"BreadcrumbList\",\"@id\":\"https:\/\/chimene.org\/centre-baudelaire\/prevention\/#breadcrumb\",\"itemListElement\":[{\"@type\":\"ListItem\",\"position\":1,\"name\":\"Accueil\",\"item\":\"https:\/\/chimene.org\/centre-baudelaire\/\"},{\"@type\":\"ListItem\",\"position\":2,\"name\":\"Pr\u00e9vention\"}]},{\"@type\":\"WebSite\",\"@id\":\"https:\/\/chimene.org\/centre-baudelaire\/#website\",\"url\":\"https:\/\/chimene.org\/centre-baudelaire\/\",\"name\":\"CSAPA Baudelaire\",\"description\":\"\",\"potentialAction\":[{\"@type\":\"SearchAction\",\"target\":{\"@type\":\"EntryPoint\",\"urlTemplate\":\"https:\/\/chimene.org\/centre-baudelaire\/?s={search_term_string}\"},\"query-input\":{\"@type\":\"PropertyValueSpecification\",\"valueRequired\":true,\"valueName\":\"search_term_string\"}}],\"inLanguage\":\"fr-FR\"}]}<\/script>\n<!-- \/ Yoast SEO plugin. -->","yoast_head_json":{"title":"Pr\u00e9vention - CSAPA Baudelaire","robots":{"index":"index","follow":"follow","max-snippet":"max-snippet:-1","max-image-preview":"max-image-preview:large","max-video-preview":"max-video-preview:-1"},"canonical":"https:\/\/chimene.org\/centre-baudelaire\/prevention\/","og_locale":"fr_FR","og_type":"article","og_title":"Pr\u00e9vention - CSAPA Baudelaire","og_description":"La Pr\u00e9vention Des professionnels se mobilisent pour assurer des missions de pr\u00e9vention \u00e0 destination des professionnels de sant\u00e9. L&rsquo;\u00e9quipe se mobilise \u00e9galement sur des missions de pr\u00e9vention initi\u00e9es par le Minist\u00e8re de la Sant\u00e9 comme \u00ab&nbsp;Le moi(s) sans tabac&nbsp;\u00bb","og_url":"https:\/\/chimene.org\/centre-baudelaire\/prevention\/","og_site_name":"CSAPA Baudelaire","article_modified_time":"2026-02-18T09:27:52+00:00","og_image":[{"url":"https:\/\/chimene.org\/wp-content\/uploads\/sites\/3\/2022\/06\/ILLU_Chimene_CJC_200105.jpg","type":"","width":"","height":""}],"twitter_card":"summary_large_image","twitter_misc":{"Dur\u00e9e de lecture estim\u00e9e":"1 minute"},"schema":{"@context":"https:\/\/schema.org","@graph":[{"@type":"WebPage","@id":"https:\/\/chimene.org\/centre-baudelaire\/prevention\/","url":"https:\/\/chimene.org\/centre-baudelaire\/prevention\/","name":"Pr\u00e9vention - CSAPA Baudelaire","isPartOf":{"@id":"https:\/\/chimene.org\/centre-baudelaire\/#website"},"primaryImageOfPage":{"@id":"https:\/\/chimene.org\/centre-baudelaire\/prevention\/#primaryimage"},"image":{"@id":"https:\/\/chimene.org\/centre-baudelaire\/prevention\/#primaryimage"},"thumbnailUrl":"https:\/\/chimene.org\/wp-content\/uploads\/sites\/3\/2022\/06\/ILLU_Chimene_CJC_200105.jpg","datePublished":"2023-05-15T14:49:24+00:00","dateModified":"2026-02-18T09:27:52+00:00","breadcrumb":{"@id":"https:\/\/chimene.org\/centre-baudelaire\/prevention\/#breadcrumb"},"inLanguage":"fr-FR","potentialAction":[{"@type":"ReadAction","target":["https:\/\/chimene.org\/centre-baudelaire\/prevention\/"]}]},{"@type":"ImageObject","inLanguage":"fr-FR","@id":"https:\/\/chimene.org\/centre-baudelaire\/prevention\/#primaryimage","url":"https:\/\/chimene.org\/wp-content\/uploads\/sites\/3\/2022\/06\/ILLU_Chimene_CJC_200105.jpg","contentUrl":"https:\/\/chimene.org\/wp-content\/uploads\/sites\/3\/2022\/06\/ILLU_Chimene_CJC_200105.jpg"},{"@type":"BreadcrumbList","@id":"https:\/\/chimene.org\/centre-baudelaire\/prevention\/#breadcrumb","itemListElement":[{"@type":"ListItem","position":1,"name":"Accueil","item":"https:\/\/chimene.org\/centre-baudelaire\/"},{"@type":"ListItem","position":2,"name":"Pr\u00e9vention"}]},{"@type":"WebSite","@id":"https:\/\/chimene.org\/centre-baudelaire\/#website","url":"https:\/\/chimene.org\/centre-baudelaire\/","name":"CSAPA Baudelaire","description":"","potentialAction":[{"@type":"SearchAction","target":{"@type":"EntryPoint","urlTemplate":"https:\/\/chimene.org\/centre-baudelaire\/?s={search_term_string}"},"query-input":{"@type":"PropertyValueSpecification","valueRequired":true,"valueName":"search_term_string"}}],"inLanguage":"fr-FR"}]}},"_links":{"self":[{"href":"https:\/\/chimene.org\/centre-baudelaire\/wp-json\/wp\/v2\/pages\/10","targetHints":{"allow":["GET"]}}],"collection":[{"href":"https:\/\/chimene.org\/centre-baudelaire\/wp-json\/wp\/v2\/pages"}],"about":[{"href":"https:\/\/chimene.org\/centre-baudelaire\/wp-json\/wp\/v2\/types\/page"}],"author":[{"embeddable":true,"href":"https:\/\/chimene.org\/centre-baudelaire\/wp-json\/wp\/v2\/users\/1"}],"replies":[{"embeddable":true,"href":"https:\/\/chimene.org\/centre-baudelaire\/wp-json\/wp\/v2\/comments?post=10"}],"version-history":[{"count":7,"href":"https:\/\/chimene.org\/centre-baudelaire\/wp-json\/wp\/v2\/pages\/10\/revisions"}],"predecessor-version":[{"id":190,"href":"https:\/\/chimene.org\/centre-baudelaire\/wp-json\/wp\/v2\/pages\/10\/revisions\/190"}],"wp:attachment":[{"href":"https:\/\/chimene.org\/centre-baudelaire\/wp-json\/wp\/v2\/media?parent=10"}],"curies":[{"name":"wp","href":"https:\/\/api.w.org\/{rel}","templated":true}]}}