{"id":2,"date":"2023-05-15T16:37:00","date_gmt":"2023-05-15T14:37:00","guid":{"rendered":"https:\/\/asso-cide.org\/centre-baudelaire\/?page_id=2"},"modified":"2023-12-01T12:14:10","modified_gmt":"2023-12-01T11:14:10","slug":"accueil","status":"publish","type":"page","link":"https:\/\/chimene.org\/centre-baudelaire\/","title":{"rendered":"Accueil"},"content":{"rendered":"","protected":false},"excerpt":{"rendered":"","protected":false},"author":1,"featured_media":35,"parent":0,"menu_order":0,"comment_status":"closed","ping_status":"open","template":"","meta":{"footnotes":""},"class_list":["post-2","page","type-page","status-publish","has-post-thumbnail","hentry"],"yoast_head":"<!-- This site is optimized with the Yoast SEO plugin v27.0 - https:\/\/yoast.com\/product\/yoast-seo-wordpress\/ -->\n<title>Accueil - CSAPA Baudelaire<\/title>\n<meta name=\"description\" content=\"Jeunes 12-25 ans entourage famille couple jeunes parents p\u00e9rinatalit\u00e9 et addiction lien m\u00e8re-enfant accordage m\u00e8re-enfant alcool tabac drogues de synth\u00e8se femme enceinte addictions avec ou sans produit r\u00e9seaux sociaux jeux videos paris sportifs jeux d&#039;argent aide \u00e0 l&#039;arr\u00eat d\u00e9pendance consultation adolescence prise de risque binge drinking CJC Consultation Jeunes Consommateurs Soutien \u00e0 l&#039;entourage groupe de parole soutien \u00e0 la parentalit\u00e9 entretiens familiaux pr\u00e9vention adoption et addictions parentalit\u00e9 et addiction et prise en charge de l&#039;enfant trouble du lien Clamart\" \/>\n<meta name=\"robots\" content=\"index, follow, max-snippet:-1, max-image-preview:large, max-video-preview:-1\" \/>\n<link rel=\"canonical\" href=\"https:\/\/chimene.org\/centre-baudelaire\/\" \/>\n<meta property=\"og:locale\" content=\"fr_FR\" \/>\n<meta property=\"og:type\" content=\"article\" \/>\n<meta property=\"og:title\" content=\"Accueil - CSAPA Baudelaire\" \/>\n<meta property=\"og:description\" content=\"Jeunes 12-25 ans entourage famille couple jeunes parents p\u00e9rinatalit\u00e9 et addiction lien m\u00e8re-enfant accordage m\u00e8re-enfant alcool tabac drogues de synth\u00e8se femme enceinte addictions avec ou sans produit r\u00e9seaux sociaux jeux videos paris sportifs jeux d&#039;argent aide \u00e0 l&#039;arr\u00eat d\u00e9pendance consultation adolescence prise de risque binge drinking CJC Consultation Jeunes Consommateurs Soutien \u00e0 l&#039;entourage groupe de parole soutien \u00e0 la parentalit\u00e9 entretiens familiaux pr\u00e9vention adoption et addictions parentalit\u00e9 et addiction et prise en charge de l&#039;enfant trouble du lien Clamart\" \/>\n<meta property=\"og:url\" content=\"https:\/\/chimene.org\/centre-baudelaire\/\" \/>\n<meta property=\"og:site_name\" content=\"CSAPA Baudelaire\" \/>\n<meta property=\"article:modified_time\" content=\"2023-12-01T11:14:10+00:00\" \/>\n<meta property=\"og:image\" content=\"https:\/\/chimene.org\/centre-baudelaire\/wp-content\/uploads\/sites\/6\/2023\/11\/SiteP1050457_BD.jpg\" \/>\n\t<meta property=\"og:image:width\" content=\"1600\" \/>\n\t<meta property=\"og:image:height\" content=\"1201\" \/>\n\t<meta property=\"og:image:type\" content=\"image\/jpeg\" \/>\n<meta name=\"twitter:card\" content=\"summary_large_image\" \/>\n<script type=\"application\/ld+json\" class=\"yoast-schema-graph\">{\"@context\":\"https:\/\/schema.org\",\"@graph\":[{\"@type\":\"WebPage\",\"@id\":\"https:\/\/chimene.org\/centre-baudelaire\/\",\"url\":\"https:\/\/chimene.org\/centre-baudelaire\/\",\"name\":\"Accueil - CSAPA Baudelaire\",\"isPartOf\":{\"@id\":\"https:\/\/chimene.org\/centre-baudelaire\/#website\"},\"primaryImageOfPage\":{\"@id\":\"https:\/\/chimene.org\/centre-baudelaire\/#primaryimage\"},\"image\":{\"@id\":\"https:\/\/chimene.org\/centre-baudelaire\/#primaryimage\"},\"thumbnailUrl\":\"https:\/\/chimene.org\/centre-baudelaire\/wp-content\/uploads\/sites\/6\/2023\/11\/SiteP1050457_BD.jpg\",\"datePublished\":\"2023-05-15T14:37:00+00:00\",\"dateModified\":\"2023-12-01T11:14:10+00:00\",\"description\":\"Jeunes 12-25 ans entourage famille couple jeunes parents p\u00e9rinatalit\u00e9 et addiction lien m\u00e8re-enfant accordage m\u00e8re-enfant alcool tabac drogues de synth\u00e8se femme enceinte addictions avec ou sans produit r\u00e9seaux sociaux jeux videos paris sportifs jeux d'argent aide \u00e0 l'arr\u00eat d\u00e9pendance consultation adolescence prise de risque binge drinking CJC Consultation Jeunes Consommateurs Soutien \u00e0 l'entourage groupe de parole soutien \u00e0 la parentalit\u00e9 entretiens familiaux pr\u00e9vention adoption et addictions parentalit\u00e9 et addiction et prise en charge de l'enfant trouble du lien Clamart\",\"breadcrumb\":{\"@id\":\"https:\/\/chimene.org\/centre-baudelaire\/#breadcrumb\"},\"inLanguage\":\"fr-FR\",\"potentialAction\":[{\"@type\":\"ReadAction\",\"target\":[\"https:\/\/chimene.org\/centre-baudelaire\/\"]}]},{\"@type\":\"ImageObject\",\"inLanguage\":\"fr-FR\",\"@id\":\"https:\/\/chimene.org\/centre-baudelaire\/#primaryimage\",\"url\":\"https:\/\/chimene.org\/centre-baudelaire\/wp-content\/uploads\/sites\/6\/2023\/11\/SiteP1050457_BD.jpg\",\"contentUrl\":\"https:\/\/chimene.org\/centre-baudelaire\/wp-content\/uploads\/sites\/6\/2023\/11\/SiteP1050457_BD.jpg\",\"width\":1600,\"height\":1201},{\"@type\":\"BreadcrumbList\",\"@id\":\"https:\/\/chimene.org\/centre-baudelaire\/#breadcrumb\",\"itemListElement\":[{\"@type\":\"ListItem\",\"position\":1,\"name\":\"Accueil\",\"item\":\"https:\/\/chimene.org\/centre-baudelaire\/\"},{\"@type\":\"ListItem\",\"position\":2,\"name\":\"Accueil\"}]},{\"@type\":\"WebSite\",\"@id\":\"https:\/\/chimene.org\/centre-baudelaire\/#website\",\"url\":\"https:\/\/chimene.org\/centre-baudelaire\/\",\"name\":\"CSAPA Baudelaire\",\"description\":\"\",\"potentialAction\":[{\"@type\":\"SearchAction\",\"target\":{\"@type\":\"EntryPoint\",\"urlTemplate\":\"https:\/\/chimene.org\/centre-baudelaire\/?s={search_term_string}\"},\"query-input\":{\"@type\":\"PropertyValueSpecification\",\"valueRequired\":true,\"valueName\":\"search_term_string\"}}],\"inLanguage\":\"fr-FR\"}]}<\/script>\n<!-- \/ Yoast SEO plugin. -->","yoast_head_json":{"title":"Accueil - CSAPA Baudelaire","description":"Jeunes 12-25 ans entourage famille couple jeunes parents p\u00e9rinatalit\u00e9 et addiction lien m\u00e8re-enfant accordage m\u00e8re-enfant alcool tabac drogues de synth\u00e8se femme enceinte addictions avec ou sans produit r\u00e9seaux sociaux jeux videos paris sportifs jeux d'argent aide \u00e0 l'arr\u00eat d\u00e9pendance consultation adolescence prise de risque binge drinking CJC Consultation Jeunes Consommateurs Soutien \u00e0 l'entourage groupe de parole soutien \u00e0 la parentalit\u00e9 entretiens familiaux pr\u00e9vention adoption et addictions parentalit\u00e9 et addiction et prise en charge de l'enfant trouble du lien Clamart","robots":{"index":"index","follow":"follow","max-snippet":"max-snippet:-1","max-image-preview":"max-image-preview:large","max-video-preview":"max-video-preview:-1"},"canonical":"https:\/\/chimene.org\/centre-baudelaire\/","og_locale":"fr_FR","og_type":"article","og_title":"Accueil - CSAPA Baudelaire","og_description":"Jeunes 12-25 ans entourage famille couple jeunes parents p\u00e9rinatalit\u00e9 et addiction lien m\u00e8re-enfant accordage m\u00e8re-enfant alcool tabac drogues de synth\u00e8se femme enceinte addictions avec ou sans produit r\u00e9seaux sociaux jeux videos paris sportifs jeux d'argent aide \u00e0 l'arr\u00eat d\u00e9pendance consultation adolescence prise de risque binge drinking CJC Consultation Jeunes Consommateurs Soutien \u00e0 l'entourage groupe de parole soutien \u00e0 la parentalit\u00e9 entretiens familiaux pr\u00e9vention adoption et addictions parentalit\u00e9 et addiction et prise en charge de l'enfant trouble du lien Clamart","og_url":"https:\/\/chimene.org\/centre-baudelaire\/","og_site_name":"CSAPA Baudelaire","article_modified_time":"2023-12-01T11:14:10+00:00","og_image":[{"width":1600,"height":1201,"url":"https:\/\/chimene.org\/centre-baudelaire\/wp-content\/uploads\/sites\/6\/2023\/11\/SiteP1050457_BD.jpg","type":"image\/jpeg"}],"twitter_card":"summary_large_image","schema":{"@context":"https:\/\/schema.org","@graph":[{"@type":"WebPage","@id":"https:\/\/chimene.org\/centre-baudelaire\/","url":"https:\/\/chimene.org\/centre-baudelaire\/","name":"Accueil - CSAPA Baudelaire","isPartOf":{"@id":"https:\/\/chimene.org\/centre-baudelaire\/#website"},"primaryImageOfPage":{"@id":"https:\/\/chimene.org\/centre-baudelaire\/#primaryimage"},"image":{"@id":"https:\/\/chimene.org\/centre-baudelaire\/#primaryimage"},"thumbnailUrl":"https:\/\/chimene.org\/centre-baudelaire\/wp-content\/uploads\/sites\/6\/2023\/11\/SiteP1050457_BD.jpg","datePublished":"2023-05-15T14:37:00+00:00","dateModified":"2023-12-01T11:14:10+00:00","description":"Jeunes 12-25 ans entourage famille couple jeunes parents p\u00e9rinatalit\u00e9 et addiction lien m\u00e8re-enfant accordage m\u00e8re-enfant alcool tabac drogues de synth\u00e8se femme enceinte addictions avec ou sans produit r\u00e9seaux sociaux jeux videos paris sportifs jeux d'argent aide \u00e0 l'arr\u00eat d\u00e9pendance consultation adolescence prise de risque binge drinking CJC Consultation Jeunes Consommateurs Soutien \u00e0 l'entourage groupe de parole soutien \u00e0 la parentalit\u00e9 entretiens familiaux pr\u00e9vention adoption et addictions parentalit\u00e9 et addiction et prise en charge de l'enfant trouble du lien Clamart","breadcrumb":{"@id":"https:\/\/chimene.org\/centre-baudelaire\/#breadcrumb"},"inLanguage":"fr-FR","potentialAction":[{"@type":"ReadAction","target":["https:\/\/chimene.org\/centre-baudelaire\/"]}]},{"@type":"ImageObject","inLanguage":"fr-FR","@id":"https:\/\/chimene.org\/centre-baudelaire\/#primaryimage","url":"https:\/\/chimene.org\/centre-baudelaire\/wp-content\/uploads\/sites\/6\/2023\/11\/SiteP1050457_BD.jpg","contentUrl":"https:\/\/chimene.org\/centre-baudelaire\/wp-content\/uploads\/sites\/6\/2023\/11\/SiteP1050457_BD.jpg","width":1600,"height":1201},{"@type":"BreadcrumbList","@id":"https:\/\/chimene.org\/centre-baudelaire\/#breadcrumb","itemListElement":[{"@type":"ListItem","position":1,"name":"Accueil","item":"https:\/\/chimene.org\/centre-baudelaire\/"},{"@type":"ListItem","position":2,"name":"Accueil"}]},{"@type":"WebSite","@id":"https:\/\/chimene.org\/centre-baudelaire\/#website","url":"https:\/\/chimene.org\/centre-baudelaire\/","name":"CSAPA Baudelaire","description":"","potentialAction":[{"@type":"SearchAction","target":{"@type":"EntryPoint","urlTemplate":"https:\/\/chimene.org\/centre-baudelaire\/?s={search_term_string}"},"query-input":{"@type":"PropertyValueSpecification","valueRequired":true,"valueName":"search_term_string"}}],"inLanguage":"fr-FR"}]}},"_links":{"self":[{"href":"https:\/\/chimene.org\/centre-baudelaire\/wp-json\/wp\/v2\/pages\/2","targetHints":{"allow":["GET"]}}],"collection":[{"href":"https:\/\/chimene.org\/centre-baudelaire\/wp-json\/wp\/v2\/pages"}],"about":[{"href":"https:\/\/chimene.org\/centre-baudelaire\/wp-json\/wp\/v2\/types\/page"}],"author":[{"embeddable":true,"href":"https:\/\/chimene.org\/centre-baudelaire\/wp-json\/wp\/v2\/users\/1"}],"replies":[{"embeddable":true,"href":"https:\/\/chimene.org\/centre-baudelaire\/wp-json\/wp\/v2\/comments?post=2"}],"version-history":[{"count":1,"href":"https:\/\/chimene.org\/centre-baudelaire\/wp-json\/wp\/v2\/pages\/2\/revisions"}],"predecessor-version":[{"id":5,"href":"https:\/\/chimene.org\/centre-baudelaire\/wp-json\/wp\/v2\/pages\/2\/revisions\/5"}],"wp:featuredmedia":[{"embeddable":true,"href":"https:\/\/chimene.org\/centre-baudelaire\/wp-json\/wp\/v2\/media\/35"}],"wp:attachment":[{"href":"https:\/\/chimene.org\/centre-baudelaire\/wp-json\/wp\/v2\/media?parent=2"}],"curies":[{"name":"wp","href":"https:\/\/api.w.org\/{rel}","templated":true}]}}