{"id":41,"date":"2023-11-21T10:28:05","date_gmt":"2023-11-21T09:28:05","guid":{"rendered":"https:\/\/chimene.org\/centre-baudelaire\/?page_id=41"},"modified":"2026-03-18T17:23:15","modified_gmt":"2026-03-18T16:23:15","slug":"cvs","status":"publish","type":"page","link":"https:\/\/chimene.org\/centre-baudelaire\/cvs\/","title":{"rendered":"CVS"},"content":{"rendered":"\n<p>La prochaine rencontre du CVS aura lieu le jeudi 19 mars de 15h \u00e0 17h \u00e0 Chim\u00e8ne. Un professionnel du Caarud 92 sera pr\u00e9sent pour r\u00e9pondre aux questions sur les produits et les addictions. Les prochaines dates sont les jeudis 16 avril, 21 mai et 11 juin.<\/p>\n\n\n\n<p>Le CVS organise \u00e9galement des sorties.<\/p>\n\n\n\n<div class=\"wp-block-columns are-vertically-aligned-center is-layout-flex wp-container-core-columns-is-layout-9d6595d7 wp-block-columns-is-layout-flex\">\n<div class=\"wp-block-column is-vertically-aligned-center is-layout-flow wp-block-column-is-layout-flow\">\n<figure class=\"wp-block-image size-large\"><img decoding=\"async\" src=\"https:\/\/chimene.org\/centre-chimene\/wp-content\/uploads\/sites\/3\/2023\/11\/AFFICHE_CVS-1024x724.png\" alt=\"\" class=\"wp-image-221\"\/><\/figure>\n<\/div>\n\n\n\n<div class=\"wp-block-column is-vertically-aligned-center is-layout-flow wp-block-column-is-layout-flow\">\n<h2 class=\"wp-block-heading\">Droit du patient<\/h2>\n\n\n\n<p>Le Centre Chim\u00e8ne rel\u00e8ve du secteur m\u00e9dico-social.<br>A ce titre, des dispositions concernant le droit des usagers ont \u00e9t\u00e9 l\u00e9gif\u00e9r\u00e9es dans le cadre du Code de l\u2019Action Sociale et des Familles \u00e0 travers la Loi 2002 sur le Droit des Usagers.<\/p>\n\n\n\n<p>Le d\u00e9cret du 2 Novembre 2005 est venu pr\u00e9ciser les modalit\u00e9s de l\u2019article 311-6 de cette loi, relatif \u00e0 la mise en place obligatoire du Conseil de la Vie Sociale.&nbsp;<\/p>\n\n\n\n<p>Loi n\u00b0 2002-2 du 2 janvier 2002 r\u00e9novant l\u2019action sociale et m\u00e9dico-sociale (1)<\/p>\n<\/div>\n<\/div>\n\n\n\n<hr class=\"wp-block-separator has-alpha-channel-opacity is-style-wide\"\/>\n\n\n\n<div class=\"wp-block-columns is-layout-flex wp-container-core-columns-is-layout-9d6595d7 wp-block-columns-is-layout-flex\">\n<div class=\"wp-block-column is-layout-flow wp-block-column-is-layout-flow\">\n<p class=\"grand\">Les Outils et les Actions du Conseil de la Vie Sociale<\/p>\n<\/div>\n\n\n\n<div class=\"wp-block-column is-layout-flow wp-block-column-is-layout-flow\"><\/div>\n<\/div>\n\n\n\n<div class=\"wp-block-columns is-layout-flex wp-container-core-columns-is-layout-9d6595d7 wp-block-columns-is-layout-flex\">\n<div class=\"wp-block-column is-layout-flow wp-block-column-is-layout-flow\">\n<h2 class=\"wp-block-heading\">Les Outils<\/h2>\n\n\n\n<p>Les repr\u00e9sentants de patient au Centre Chim\u00e8ne sont Albert, Petros et Dieudonn\u00e9. Ils proposent une permanence mensuelle sur la structure de Chim\u00e8ne. C\u2019est l\u2019occasion de recueillir les feuilles de la Bo\u00eete \u00e0 Id\u00e9es et de faire passer des questionnaires de satisfaction. C\u2019est aussi le moment pour discuter et s\u2019informer aupr\u00e8s des repr\u00e9sentants ou aupr\u00e8s de l\u2019\u00e9ducatrice. Pour tout renseignement, vous pouvez contacter le CVS sur l&rsquo;adresse: cvs@chimene.org<\/p>\n\n\n\n<p>Les dates des \u00e9v\u00e8nements, sorties et rencontres sont \u00e0 retrouver sur l&rsquo;onglet CVS du site Chim\u00e8ne.<\/p>\n\n\n\n<p>Le patient \u00e0 son arriv\u00e9e se voit d\u00e9livrer un livret d\u2019accueil avec une charte et un r\u00e8glement de fonctionnement \u00e0 respecter.<\/p>\n\n\n\n<hr class=\"wp-block-separator has-alpha-channel-opacity is-style-wide\"\/>\n\n\n\n<p><a href=\"https:\/\/asso-cide.org\/wp-content\/themes\/cide\/img\/PLAQUETTE_CHIMENE.pdf\" target=\"_blank\" rel=\"noreferrer noopener\">T\u00c9L\u00c9CHARGEZ LE LIVRET <br>D\u2019ACCUEIL EN PDF<\/a><\/p>\n<\/div>\n\n\n\n<div class=\"wp-block-column is-layout-flow wp-block-column-is-layout-flow\">\n<h2 class=\"wp-block-heading\">Les Actions<\/h2>\n\n\n\n<ul class=\"wp-block-list\">\n<li>Accueil, \u00e9coute et information<\/li>\n\n\n\n<li>Conseils de r\u00e9duction des risques<\/li>\n\n\n\n<li>M\u00e9diation avec l\u2019\u00e9quipe du Centre Chim\u00e8ne<\/li>\n\n\n\n<li>Aller \u00e0 des colloques<\/li>\n\n\n\n<li>Accompagnement physique sur des rendez-vous en accord avec l\u2019\u00e9quipe soignante<\/li>\n\n\n\n<li>Participation aux r\u00e9unions du Conseil de la Vie Sociale<br>Elles ont lieu trois fois par an au minimum<\/li>\n\n\n\n<li>Participation aux r\u00e9unions de planification mensuelle de projets et d\u2019activit\u00e9s<\/li>\n\n\n\n<li>Forces de proposition et de conseils pour contribuer \u00e0 l\u2019am\u00e9lioration de l\u2019accueil et de la prise en charge du Centre Chim\u00e8ne<\/li>\n\n\n\n<li>Visites et rencontres de structures d\u2019accueil social avec une animation cr\u00eapes et gaufres<\/li>\n<\/ul>\n<\/div>\n<\/div>\n\n\n\n<p><\/p>\n","protected":false},"excerpt":{"rendered":"<p>La prochaine rencontre du CVS aura lieu le jeudi 19 mars de 15h \u00e0 17h \u00e0 Chim\u00e8ne. Un professionnel du Caarud 92 sera pr\u00e9sent pour r\u00e9pondre aux questions sur les produits et les addictions. Les prochaines dates sont les jeudis 16 avril, 21 mai et 11 juin. Le CVS organise \u00e9galement des sorties. Droit du [&hellip;]<\/p>\n","protected":false},"author":1,"featured_media":0,"parent":0,"menu_order":0,"comment_status":"closed","ping_status":"closed","template":"","meta":{"footnotes":""},"class_list":["post-41","page","type-page","status-publish","hentry"],"yoast_head":"<!-- This site is optimized with the Yoast SEO plugin v27.0 - https:\/\/yoast.com\/product\/yoast-seo-wordpress\/ -->\n<title>CVS - CSAPA Baudelaire<\/title>\n<meta name=\"robots\" content=\"index, follow, max-snippet:-1, max-image-preview:large, max-video-preview:-1\" \/>\n<link rel=\"canonical\" href=\"https:\/\/chimene.org\/centre-baudelaire\/cvs\/\" \/>\n<meta property=\"og:locale\" content=\"fr_FR\" \/>\n<meta property=\"og:type\" content=\"article\" \/>\n<meta property=\"og:title\" content=\"CVS - CSAPA Baudelaire\" \/>\n<meta property=\"og:description\" content=\"La prochaine rencontre du CVS aura lieu le jeudi 19 mars de 15h \u00e0 17h \u00e0 Chim\u00e8ne. Un professionnel du Caarud 92 sera pr\u00e9sent pour r\u00e9pondre aux questions sur les produits et les addictions. Les prochaines dates sont les jeudis 16 avril, 21 mai et 11 juin. Le CVS organise \u00e9galement des sorties. Droit du [&hellip;]\" \/>\n<meta property=\"og:url\" content=\"https:\/\/chimene.org\/centre-baudelaire\/cvs\/\" \/>\n<meta property=\"og:site_name\" content=\"CSAPA Baudelaire\" \/>\n<meta property=\"article:modified_time\" content=\"2026-03-18T16:23:15+00:00\" \/>\n<meta name=\"twitter:card\" content=\"summary_large_image\" \/>\n<meta name=\"twitter:label1\" content=\"Dur\u00e9e de lecture estim\u00e9e\" \/>\n\t<meta name=\"twitter:data1\" content=\"3 minutes\" \/>\n<script type=\"application\/ld+json\" class=\"yoast-schema-graph\">{\"@context\":\"https:\/\/schema.org\",\"@graph\":[{\"@type\":\"WebPage\",\"@id\":\"https:\/\/chimene.org\/centre-baudelaire\/cvs\/\",\"url\":\"https:\/\/chimene.org\/centre-baudelaire\/cvs\/\",\"name\":\"CVS - CSAPA Baudelaire\",\"isPartOf\":{\"@id\":\"https:\/\/chimene.org\/centre-baudelaire\/#website\"},\"primaryImageOfPage\":{\"@id\":\"https:\/\/chimene.org\/centre-baudelaire\/cvs\/#primaryimage\"},\"image\":{\"@id\":\"https:\/\/chimene.org\/centre-baudelaire\/cvs\/#primaryimage\"},\"thumbnailUrl\":\"https:\/\/chimene.org\/centre-chimene\/wp-content\/uploads\/sites\/3\/2023\/11\/AFFICHE_CVS-1024x724.png\",\"datePublished\":\"2023-11-21T09:28:05+00:00\",\"dateModified\":\"2026-03-18T16:23:15+00:00\",\"breadcrumb\":{\"@id\":\"https:\/\/chimene.org\/centre-baudelaire\/cvs\/#breadcrumb\"},\"inLanguage\":\"fr-FR\",\"potentialAction\":[{\"@type\":\"ReadAction\",\"target\":[\"https:\/\/chimene.org\/centre-baudelaire\/cvs\/\"]}]},{\"@type\":\"ImageObject\",\"inLanguage\":\"fr-FR\",\"@id\":\"https:\/\/chimene.org\/centre-baudelaire\/cvs\/#primaryimage\",\"url\":\"https:\/\/chimene.org\/centre-chimene\/wp-content\/uploads\/sites\/3\/2023\/11\/AFFICHE_CVS-1024x724.png\",\"contentUrl\":\"https:\/\/chimene.org\/centre-chimene\/wp-content\/uploads\/sites\/3\/2023\/11\/AFFICHE_CVS-1024x724.png\"},{\"@type\":\"BreadcrumbList\",\"@id\":\"https:\/\/chimene.org\/centre-baudelaire\/cvs\/#breadcrumb\",\"itemListElement\":[{\"@type\":\"ListItem\",\"position\":1,\"name\":\"Accueil\",\"item\":\"https:\/\/chimene.org\/centre-baudelaire\/\"},{\"@type\":\"ListItem\",\"position\":2,\"name\":\"CVS\"}]},{\"@type\":\"WebSite\",\"@id\":\"https:\/\/chimene.org\/centre-baudelaire\/#website\",\"url\":\"https:\/\/chimene.org\/centre-baudelaire\/\",\"name\":\"CSAPA Baudelaire\",\"description\":\"\",\"potentialAction\":[{\"@type\":\"SearchAction\",\"target\":{\"@type\":\"EntryPoint\",\"urlTemplate\":\"https:\/\/chimene.org\/centre-baudelaire\/?s={search_term_string}\"},\"query-input\":{\"@type\":\"PropertyValueSpecification\",\"valueRequired\":true,\"valueName\":\"search_term_string\"}}],\"inLanguage\":\"fr-FR\"}]}<\/script>\n<!-- \/ Yoast SEO plugin. -->","yoast_head_json":{"title":"CVS - CSAPA Baudelaire","robots":{"index":"index","follow":"follow","max-snippet":"max-snippet:-1","max-image-preview":"max-image-preview:large","max-video-preview":"max-video-preview:-1"},"canonical":"https:\/\/chimene.org\/centre-baudelaire\/cvs\/","og_locale":"fr_FR","og_type":"article","og_title":"CVS - CSAPA Baudelaire","og_description":"La prochaine rencontre du CVS aura lieu le jeudi 19 mars de 15h \u00e0 17h \u00e0 Chim\u00e8ne. Un professionnel du Caarud 92 sera pr\u00e9sent pour r\u00e9pondre aux questions sur les produits et les addictions. Les prochaines dates sont les jeudis 16 avril, 21 mai et 11 juin. Le CVS organise \u00e9galement des sorties. Droit du [&hellip;]","og_url":"https:\/\/chimene.org\/centre-baudelaire\/cvs\/","og_site_name":"CSAPA Baudelaire","article_modified_time":"2026-03-18T16:23:15+00:00","twitter_card":"summary_large_image","twitter_misc":{"Dur\u00e9e de lecture estim\u00e9e":"3 minutes"},"schema":{"@context":"https:\/\/schema.org","@graph":[{"@type":"WebPage","@id":"https:\/\/chimene.org\/centre-baudelaire\/cvs\/","url":"https:\/\/chimene.org\/centre-baudelaire\/cvs\/","name":"CVS - CSAPA Baudelaire","isPartOf":{"@id":"https:\/\/chimene.org\/centre-baudelaire\/#website"},"primaryImageOfPage":{"@id":"https:\/\/chimene.org\/centre-baudelaire\/cvs\/#primaryimage"},"image":{"@id":"https:\/\/chimene.org\/centre-baudelaire\/cvs\/#primaryimage"},"thumbnailUrl":"https:\/\/chimene.org\/centre-chimene\/wp-content\/uploads\/sites\/3\/2023\/11\/AFFICHE_CVS-1024x724.png","datePublished":"2023-11-21T09:28:05+00:00","dateModified":"2026-03-18T16:23:15+00:00","breadcrumb":{"@id":"https:\/\/chimene.org\/centre-baudelaire\/cvs\/#breadcrumb"},"inLanguage":"fr-FR","potentialAction":[{"@type":"ReadAction","target":["https:\/\/chimene.org\/centre-baudelaire\/cvs\/"]}]},{"@type":"ImageObject","inLanguage":"fr-FR","@id":"https:\/\/chimene.org\/centre-baudelaire\/cvs\/#primaryimage","url":"https:\/\/chimene.org\/centre-chimene\/wp-content\/uploads\/sites\/3\/2023\/11\/AFFICHE_CVS-1024x724.png","contentUrl":"https:\/\/chimene.org\/centre-chimene\/wp-content\/uploads\/sites\/3\/2023\/11\/AFFICHE_CVS-1024x724.png"},{"@type":"BreadcrumbList","@id":"https:\/\/chimene.org\/centre-baudelaire\/cvs\/#breadcrumb","itemListElement":[{"@type":"ListItem","position":1,"name":"Accueil","item":"https:\/\/chimene.org\/centre-baudelaire\/"},{"@type":"ListItem","position":2,"name":"CVS"}]},{"@type":"WebSite","@id":"https:\/\/chimene.org\/centre-baudelaire\/#website","url":"https:\/\/chimene.org\/centre-baudelaire\/","name":"CSAPA Baudelaire","description":"","potentialAction":[{"@type":"SearchAction","target":{"@type":"EntryPoint","urlTemplate":"https:\/\/chimene.org\/centre-baudelaire\/?s={search_term_string}"},"query-input":{"@type":"PropertyValueSpecification","valueRequired":true,"valueName":"search_term_string"}}],"inLanguage":"fr-FR"}]}},"_links":{"self":[{"href":"https:\/\/chimene.org\/centre-baudelaire\/wp-json\/wp\/v2\/pages\/41","targetHints":{"allow":["GET"]}}],"collection":[{"href":"https:\/\/chimene.org\/centre-baudelaire\/wp-json\/wp\/v2\/pages"}],"about":[{"href":"https:\/\/chimene.org\/centre-baudelaire\/wp-json\/wp\/v2\/types\/page"}],"author":[{"embeddable":true,"href":"https:\/\/chimene.org\/centre-baudelaire\/wp-json\/wp\/v2\/users\/1"}],"replies":[{"embeddable":true,"href":"https:\/\/chimene.org\/centre-baudelaire\/wp-json\/wp\/v2\/comments?post=41"}],"version-history":[{"count":16,"href":"https:\/\/chimene.org\/centre-baudelaire\/wp-json\/wp\/v2\/pages\/41\/revisions"}],"predecessor-version":[{"id":197,"href":"https:\/\/chimene.org\/centre-baudelaire\/wp-json\/wp\/v2\/pages\/41\/revisions\/197"}],"wp:attachment":[{"href":"https:\/\/chimene.org\/centre-baudelaire\/wp-json\/wp\/v2\/media?parent=41"}],"curies":[{"name":"wp","href":"https:\/\/api.w.org\/{rel}","templated":true}]}}