{"id":8,"date":"2023-05-15T16:49:14","date_gmt":"2023-05-15T14:49:14","guid":{"rendered":"https:\/\/asso-cide.org\/centre-baudelaire\/?page_id=8"},"modified":"2026-02-23T14:10:54","modified_gmt":"2026-02-23T13:10:54","slug":"consultations-et-groupes","status":"publish","type":"page","link":"https:\/\/chimene.org\/centre-baudelaire\/consultations-et-groupes\/","title":{"rendered":"Consultations et groupes"},"content":{"rendered":"\n<p><strong>Les professionnels du Csapa animent des groupes th\u00e9rapeutiques et des ateliers.<\/strong><\/p>\n\n\n\n<div class=\"wp-block-columns is-layout-flex wp-container-core-columns-is-layout-9d6595d7 wp-block-columns-is-layout-flex\">\n<div class=\"wp-block-column is-layout-flow wp-block-column-is-layout-flow\">\n<h2 class=\"wp-block-heading\">Groupes Th\u00e9rapeutiques<\/h2>\n\n\n\n<p class=\"grand\">Les psychologues de l\u2019\u00e9quipe, en parall\u00e8le de leurs consultations, animent diff\u00e9rents groupes :<\/p>\n<\/div>\n\n\n\n<div class=\"wp-block-column is-layout-flow wp-block-column-is-layout-flow\">\n<figure class=\"wp-block-image size-large\"><img loading=\"lazy\" decoding=\"async\" width=\"1024\" height=\"769\" src=\"https:\/\/chimene.org\/centre-baudelaire\/wp-content\/uploads\/sites\/6\/2023\/11\/SiteP1050457_BD-1024x769.jpg\" alt=\"\" class=\"wp-image-35\" srcset=\"https:\/\/chimene.org\/centre-baudelaire\/wp-content\/uploads\/sites\/6\/2023\/11\/SiteP1050457_BD-1024x769.jpg 1024w, https:\/\/chimene.org\/centre-baudelaire\/wp-content\/uploads\/sites\/6\/2023\/11\/SiteP1050457_BD-300x225.jpg 300w, https:\/\/chimene.org\/centre-baudelaire\/wp-content\/uploads\/sites\/6\/2023\/11\/SiteP1050457_BD-768x576.jpg 768w, https:\/\/chimene.org\/centre-baudelaire\/wp-content\/uploads\/sites\/6\/2023\/11\/SiteP1050457_BD-1536x1153.jpg 1536w, https:\/\/chimene.org\/centre-baudelaire\/wp-content\/uploads\/sites\/6\/2023\/11\/SiteP1050457_BD.jpg 1600w\" sizes=\"auto, (max-width: 1024px) 100vw, 1024px\" \/><\/figure>\n<\/div>\n<\/div>\n\n\n\n<hr class=\"wp-block-separator has-alpha-channel-opacity is-style-wide\"\/>\n\n\n\n<div class=\"wp-block-columns is-layout-flex wp-container-core-columns-is-layout-9d6595d7 wp-block-columns-is-layout-flex\">\n<div class=\"wp-block-column is-layout-flow wp-block-column-is-layout-flow\">\n<h2 class=\"wp-block-heading\">LE GROUPE PSYCHODRAME<\/h2>\n\n\n\n<p><a href=\"https:\/\/chimene.org\/centre-baudelaire\/wp-content\/uploads\/sites\/6\/2023\/11\/PLAQUETTE_PSYCHODRAME_230723.pdf\" target=\"_blank\" rel=\"noreferrer noopener\">T\u00c9L\u00c9CHARGEZ LA PLAQUETTE PSYCHODRAME<\/a><\/p>\n<\/div>\n\n\n\n<div class=\"wp-block-column is-layout-flow wp-block-column-is-layout-flow\">\n<figure class=\"wp-block-image size-full\"><img loading=\"lazy\" decoding=\"async\" width=\"1600\" height=\"2487\" src=\"https:\/\/chimene.org\/centre-baudelaire\/wp-content\/uploads\/sites\/6\/2023\/11\/PLAQUETTE_PSYCHODRAME_230723-1-copie.jpg\" alt=\"\" class=\"wp-image-30\" srcset=\"https:\/\/chimene.org\/centre-baudelaire\/wp-content\/uploads\/sites\/6\/2023\/11\/PLAQUETTE_PSYCHODRAME_230723-1-copie.jpg 1600w, https:\/\/chimene.org\/centre-baudelaire\/wp-content\/uploads\/sites\/6\/2023\/11\/PLAQUETTE_PSYCHODRAME_230723-1-copie-193x300.jpg 193w, https:\/\/chimene.org\/centre-baudelaire\/wp-content\/uploads\/sites\/6\/2023\/11\/PLAQUETTE_PSYCHODRAME_230723-1-copie-659x1024.jpg 659w, https:\/\/chimene.org\/centre-baudelaire\/wp-content\/uploads\/sites\/6\/2023\/11\/PLAQUETTE_PSYCHODRAME_230723-1-copie-768x1194.jpg 768w, https:\/\/chimene.org\/centre-baudelaire\/wp-content\/uploads\/sites\/6\/2023\/11\/PLAQUETTE_PSYCHODRAME_230723-1-copie-988x1536.jpg 988w, https:\/\/chimene.org\/centre-baudelaire\/wp-content\/uploads\/sites\/6\/2023\/11\/PLAQUETTE_PSYCHODRAME_230723-1-copie-1318x2048.jpg 1318w\" sizes=\"auto, (max-width: 1600px) 100vw, 1600px\" \/><\/figure>\n<\/div>\n<\/div>\n\n\n\n<hr class=\"wp-block-separator has-alpha-channel-opacity is-style-wide\"\/>\n\n\n\n<div class=\"wp-block-columns is-layout-flex wp-container-core-columns-is-layout-9d6595d7 wp-block-columns-is-layout-flex\">\n<div class=\"wp-block-column is-layout-flow wp-block-column-is-layout-flow\">\n<h2 class=\"wp-block-heading\">LA CONSULTATION JEUNES CONSOMMATEURS (CJC) DE BAUDELAIRE<\/h2>\n\n\n\n<p class=\"grand has-medium-font-size\">La Consultation Jeunes Consommateurs s&rsquo;adresse aux jeunes consommateurs de produits ou non de la tranche d&rsquo;\u00e2ge 12-25 ans. L&rsquo;entourage est \u00e9galement accueilli. La consultation a lieu les mardis, mercredis, vendredis de 9h30 \u00e0 13h et de 14h \u00e0 19h  et le jeudi de 14h \u00e0 19h sur le site d\u00e9sormais de Baudelaire \u00e0 Clamart. Une \u00e9quipe de psychologues assure cette consultation. Le jeune peut venir accompagn\u00e9 ou seul. Les parents peuvent \u00e9galement \u00eatre re\u00e7us.<\/p>\n\n\n\n<p>Pour plus d\u2019information sur le dispositif des CJC, retrouvez son descriptif sur <a href=\"http:\/\/www.federationaddiction.fr\">www.federationaddiction.fr<\/a><\/p>\n<\/div>\n\n\n\n<div class=\"wp-block-column is-layout-flow wp-block-column-is-layout-flow\">\n<figure class=\"wp-block-image size-full\"><img loading=\"lazy\" decoding=\"async\" width=\"1600\" height=\"2262\" src=\"https:\/\/chimene.org\/centre-baudelaire\/wp-content\/uploads\/sites\/6\/2023\/11\/01_AFFICHES_Chimene_CJC_230925.webp\" alt=\"\" class=\"wp-image-31\" srcset=\"https:\/\/chimene.org\/centre-baudelaire\/wp-content\/uploads\/sites\/6\/2023\/11\/01_AFFICHES_Chimene_CJC_230925.webp 1600w, https:\/\/chimene.org\/centre-baudelaire\/wp-content\/uploads\/sites\/6\/2023\/11\/01_AFFICHES_Chimene_CJC_230925-212x300.webp 212w, https:\/\/chimene.org\/centre-baudelaire\/wp-content\/uploads\/sites\/6\/2023\/11\/01_AFFICHES_Chimene_CJC_230925-724x1024.webp 724w, https:\/\/chimene.org\/centre-baudelaire\/wp-content\/uploads\/sites\/6\/2023\/11\/01_AFFICHES_Chimene_CJC_230925-768x1086.webp 768w, https:\/\/chimene.org\/centre-baudelaire\/wp-content\/uploads\/sites\/6\/2023\/11\/01_AFFICHES_Chimene_CJC_230925-1086x1536.webp 1086w, https:\/\/chimene.org\/centre-baudelaire\/wp-content\/uploads\/sites\/6\/2023\/11\/01_AFFICHES_Chimene_CJC_230925-1449x2048.webp 1449w\" sizes=\"auto, (max-width: 1600px) 100vw, 1600px\" \/><\/figure>\n<\/div>\n<\/div>\n\n\n\n<hr class=\"wp-block-separator has-alpha-channel-opacity is-style-wide\"\/>\n\n\n\n<h2 class=\"wp-block-heading\">GROUPE DE PAROLE ADO (LYCEENS) <\/h2>\n\n\n\n<p>Un vendredi sur deux \u00e0 partir de 2026. <\/p>\n\n\n\n<figure class=\"wp-block-image size-large\"><img loading=\"lazy\" decoding=\"async\" width=\"718\" height=\"1024\" src=\"https:\/\/chimene.org\/centre-baudelaire\/wp-content\/uploads\/sites\/6\/2026\/02\/Capturenouvelles-dates-gpe-parole-718x1024.png\" alt=\"\" class=\"wp-image-191\" srcset=\"https:\/\/chimene.org\/centre-baudelaire\/wp-content\/uploads\/sites\/6\/2026\/02\/Capturenouvelles-dates-gpe-parole-718x1024.png 718w, https:\/\/chimene.org\/centre-baudelaire\/wp-content\/uploads\/sites\/6\/2026\/02\/Capturenouvelles-dates-gpe-parole-210x300.png 210w, https:\/\/chimene.org\/centre-baudelaire\/wp-content\/uploads\/sites\/6\/2026\/02\/Capturenouvelles-dates-gpe-parole-768x1095.png 768w, https:\/\/chimene.org\/centre-baudelaire\/wp-content\/uploads\/sites\/6\/2026\/02\/Capturenouvelles-dates-gpe-parole.png 875w\" sizes=\"auto, (max-width: 718px) 100vw, 718px\" \/><\/figure>\n\n\n\n<div class=\"wp-block-columns is-layout-flex wp-container-core-columns-is-layout-9d6595d7 wp-block-columns-is-layout-flex\">\n<div class=\"wp-block-column is-layout-flow wp-block-column-is-layout-flow\">\n<p><\/p>\n\n\n\n<p><\/p>\n<\/div>\n\n\n\n<div class=\"wp-block-column is-layout-flow wp-block-column-is-layout-flow\" style=\"flex-basis:75%\">\n<figure class=\"wp-block-image size-large\"><img loading=\"lazy\" decoding=\"async\" width=\"1024\" height=\"769\" src=\"https:\/\/chimene.org\/centre-baudelaire\/wp-content\/uploads\/sites\/6\/2023\/11\/P1050465_BD-1024x769.jpg\" alt=\"\" class=\"wp-image-33\" srcset=\"https:\/\/chimene.org\/centre-baudelaire\/wp-content\/uploads\/sites\/6\/2023\/11\/P1050465_BD-1024x769.jpg 1024w, https:\/\/chimene.org\/centre-baudelaire\/wp-content\/uploads\/sites\/6\/2023\/11\/P1050465_BD-300x225.jpg 300w, https:\/\/chimene.org\/centre-baudelaire\/wp-content\/uploads\/sites\/6\/2023\/11\/P1050465_BD-768x576.jpg 768w, https:\/\/chimene.org\/centre-baudelaire\/wp-content\/uploads\/sites\/6\/2023\/11\/P1050465_BD-1536x1153.jpg 1536w, https:\/\/chimene.org\/centre-baudelaire\/wp-content\/uploads\/sites\/6\/2023\/11\/P1050465_BD.jpg 1600w\" sizes=\"auto, (max-width: 1024px) 100vw, 1024px\" \/><\/figure>\n<\/div>\n<\/div>\n\n\n\n<figure class=\"wp-block-image size-full\"><img loading=\"lazy\" decoding=\"async\" width=\"663\" height=\"944\" src=\"https:\/\/chimene.org\/centre-baudelaire\/wp-content\/uploads\/sites\/6\/2025\/12\/Capture-Sport.png\" alt=\"\" class=\"wp-image-160\" srcset=\"https:\/\/chimene.org\/centre-baudelaire\/wp-content\/uploads\/sites\/6\/2025\/12\/Capture-Sport.png 663w, https:\/\/chimene.org\/centre-baudelaire\/wp-content\/uploads\/sites\/6\/2025\/12\/Capture-Sport-211x300.png 211w\" sizes=\"auto, (max-width: 663px) 100vw, 663px\" \/><\/figure>\n\n\n\n<p><\/p>\n\n\n\n<p>D&rsquo;autres groupes et ateliers sont possibles sur le Centre Chim\u00e8ne.<\/p>\n\n\n\n<p><\/p>\n","protected":false},"excerpt":{"rendered":"<p>Les professionnels du Csapa animent des groupes th\u00e9rapeutiques et des ateliers. Groupes Th\u00e9rapeutiques Les psychologues de l\u2019\u00e9quipe, en parall\u00e8le de leurs consultations, animent diff\u00e9rents groupes : LE GROUPE PSYCHODRAME T\u00c9L\u00c9CHARGEZ LA PLAQUETTE PSYCHODRAME LA CONSULTATION JEUNES CONSOMMATEURS (CJC) DE BAUDELAIRE La Consultation Jeunes Consommateurs s&rsquo;adresse aux jeunes consommateurs de produits ou non de la tranche [&hellip;]<\/p>\n","protected":false},"author":1,"featured_media":0,"parent":0,"menu_order":0,"comment_status":"closed","ping_status":"closed","template":"","meta":{"footnotes":""},"class_list":["post-8","page","type-page","status-publish","hentry"],"yoast_head":"<!-- This site is optimized with the Yoast SEO plugin v27.0 - https:\/\/yoast.com\/product\/yoast-seo-wordpress\/ -->\n<title>Consultations et groupes - CSAPA Baudelaire<\/title>\n<meta name=\"robots\" content=\"index, follow, max-snippet:-1, max-image-preview:large, max-video-preview:-1\" \/>\n<link rel=\"canonical\" href=\"https:\/\/chimene.org\/centre-baudelaire\/consultations-et-groupes\/\" \/>\n<meta property=\"og:locale\" content=\"fr_FR\" \/>\n<meta property=\"og:type\" content=\"article\" \/>\n<meta property=\"og:title\" content=\"Consultations et groupes - CSAPA Baudelaire\" \/>\n<meta property=\"og:description\" content=\"Les professionnels du Csapa animent des groupes th\u00e9rapeutiques et des ateliers. Groupes Th\u00e9rapeutiques Les psychologues de l\u2019\u00e9quipe, en parall\u00e8le de leurs consultations, animent diff\u00e9rents groupes : LE GROUPE PSYCHODRAME T\u00c9L\u00c9CHARGEZ LA PLAQUETTE PSYCHODRAME LA CONSULTATION JEUNES CONSOMMATEURS (CJC) DE BAUDELAIRE La Consultation Jeunes Consommateurs s&rsquo;adresse aux jeunes consommateurs de produits ou non de la tranche [&hellip;]\" \/>\n<meta property=\"og:url\" content=\"https:\/\/chimene.org\/centre-baudelaire\/consultations-et-groupes\/\" \/>\n<meta property=\"og:site_name\" content=\"CSAPA Baudelaire\" \/>\n<meta property=\"article:modified_time\" content=\"2026-02-23T13:10:54+00:00\" \/>\n<meta property=\"og:image\" content=\"https:\/\/chimene.org\/centre-baudelaire\/wp-content\/uploads\/sites\/6\/2023\/11\/SiteP1050457_BD.jpg\" \/>\n\t<meta property=\"og:image:width\" content=\"1600\" \/>\n\t<meta property=\"og:image:height\" content=\"1201\" \/>\n\t<meta property=\"og:image:type\" content=\"image\/jpeg\" \/>\n<meta name=\"twitter:card\" content=\"summary_large_image\" \/>\n<meta name=\"twitter:label1\" content=\"Dur\u00e9e de lecture estim\u00e9e\" \/>\n\t<meta name=\"twitter:data1\" content=\"2 minutes\" \/>\n<script type=\"application\/ld+json\" class=\"yoast-schema-graph\">{\"@context\":\"https:\/\/schema.org\",\"@graph\":[{\"@type\":\"WebPage\",\"@id\":\"https:\/\/chimene.org\/centre-baudelaire\/consultations-et-groupes\/\",\"url\":\"https:\/\/chimene.org\/centre-baudelaire\/consultations-et-groupes\/\",\"name\":\"Consultations et groupes - CSAPA Baudelaire\",\"isPartOf\":{\"@id\":\"https:\/\/chimene.org\/centre-baudelaire\/#website\"},\"primaryImageOfPage\":{\"@id\":\"https:\/\/chimene.org\/centre-baudelaire\/consultations-et-groupes\/#primaryimage\"},\"image\":{\"@id\":\"https:\/\/chimene.org\/centre-baudelaire\/consultations-et-groupes\/#primaryimage\"},\"thumbnailUrl\":\"https:\/\/chimene.org\/centre-baudelaire\/wp-content\/uploads\/sites\/6\/2023\/11\/SiteP1050457_BD-1024x769.jpg\",\"datePublished\":\"2023-05-15T14:49:14+00:00\",\"dateModified\":\"2026-02-23T13:10:54+00:00\",\"breadcrumb\":{\"@id\":\"https:\/\/chimene.org\/centre-baudelaire\/consultations-et-groupes\/#breadcrumb\"},\"inLanguage\":\"fr-FR\",\"potentialAction\":[{\"@type\":\"ReadAction\",\"target\":[\"https:\/\/chimene.org\/centre-baudelaire\/consultations-et-groupes\/\"]}]},{\"@type\":\"ImageObject\",\"inLanguage\":\"fr-FR\",\"@id\":\"https:\/\/chimene.org\/centre-baudelaire\/consultations-et-groupes\/#primaryimage\",\"url\":\"https:\/\/chimene.org\/centre-baudelaire\/wp-content\/uploads\/sites\/6\/2023\/11\/SiteP1050457_BD.jpg\",\"contentUrl\":\"https:\/\/chimene.org\/centre-baudelaire\/wp-content\/uploads\/sites\/6\/2023\/11\/SiteP1050457_BD.jpg\",\"width\":1600,\"height\":1201},{\"@type\":\"BreadcrumbList\",\"@id\":\"https:\/\/chimene.org\/centre-baudelaire\/consultations-et-groupes\/#breadcrumb\",\"itemListElement\":[{\"@type\":\"ListItem\",\"position\":1,\"name\":\"Accueil\",\"item\":\"https:\/\/chimene.org\/centre-baudelaire\/\"},{\"@type\":\"ListItem\",\"position\":2,\"name\":\"Consultations et groupes\"}]},{\"@type\":\"WebSite\",\"@id\":\"https:\/\/chimene.org\/centre-baudelaire\/#website\",\"url\":\"https:\/\/chimene.org\/centre-baudelaire\/\",\"name\":\"CSAPA Baudelaire\",\"description\":\"\",\"potentialAction\":[{\"@type\":\"SearchAction\",\"target\":{\"@type\":\"EntryPoint\",\"urlTemplate\":\"https:\/\/chimene.org\/centre-baudelaire\/?s={search_term_string}\"},\"query-input\":{\"@type\":\"PropertyValueSpecification\",\"valueRequired\":true,\"valueName\":\"search_term_string\"}}],\"inLanguage\":\"fr-FR\"}]}<\/script>\n<!-- \/ Yoast SEO plugin. -->","yoast_head_json":{"title":"Consultations et groupes - CSAPA Baudelaire","robots":{"index":"index","follow":"follow","max-snippet":"max-snippet:-1","max-image-preview":"max-image-preview:large","max-video-preview":"max-video-preview:-1"},"canonical":"https:\/\/chimene.org\/centre-baudelaire\/consultations-et-groupes\/","og_locale":"fr_FR","og_type":"article","og_title":"Consultations et groupes - CSAPA Baudelaire","og_description":"Les professionnels du Csapa animent des groupes th\u00e9rapeutiques et des ateliers. Groupes Th\u00e9rapeutiques Les psychologues de l\u2019\u00e9quipe, en parall\u00e8le de leurs consultations, animent diff\u00e9rents groupes : LE GROUPE PSYCHODRAME T\u00c9L\u00c9CHARGEZ LA PLAQUETTE PSYCHODRAME LA CONSULTATION JEUNES CONSOMMATEURS (CJC) DE BAUDELAIRE La Consultation Jeunes Consommateurs s&rsquo;adresse aux jeunes consommateurs de produits ou non de la tranche [&hellip;]","og_url":"https:\/\/chimene.org\/centre-baudelaire\/consultations-et-groupes\/","og_site_name":"CSAPA Baudelaire","article_modified_time":"2026-02-23T13:10:54+00:00","og_image":[{"width":1600,"height":1201,"url":"https:\/\/chimene.org\/centre-baudelaire\/wp-content\/uploads\/sites\/6\/2023\/11\/SiteP1050457_BD.jpg","type":"image\/jpeg"}],"twitter_card":"summary_large_image","twitter_misc":{"Dur\u00e9e de lecture estim\u00e9e":"2 minutes"},"schema":{"@context":"https:\/\/schema.org","@graph":[{"@type":"WebPage","@id":"https:\/\/chimene.org\/centre-baudelaire\/consultations-et-groupes\/","url":"https:\/\/chimene.org\/centre-baudelaire\/consultations-et-groupes\/","name":"Consultations et groupes - CSAPA Baudelaire","isPartOf":{"@id":"https:\/\/chimene.org\/centre-baudelaire\/#website"},"primaryImageOfPage":{"@id":"https:\/\/chimene.org\/centre-baudelaire\/consultations-et-groupes\/#primaryimage"},"image":{"@id":"https:\/\/chimene.org\/centre-baudelaire\/consultations-et-groupes\/#primaryimage"},"thumbnailUrl":"https:\/\/chimene.org\/centre-baudelaire\/wp-content\/uploads\/sites\/6\/2023\/11\/SiteP1050457_BD-1024x769.jpg","datePublished":"2023-05-15T14:49:14+00:00","dateModified":"2026-02-23T13:10:54+00:00","breadcrumb":{"@id":"https:\/\/chimene.org\/centre-baudelaire\/consultations-et-groupes\/#breadcrumb"},"inLanguage":"fr-FR","potentialAction":[{"@type":"ReadAction","target":["https:\/\/chimene.org\/centre-baudelaire\/consultations-et-groupes\/"]}]},{"@type":"ImageObject","inLanguage":"fr-FR","@id":"https:\/\/chimene.org\/centre-baudelaire\/consultations-et-groupes\/#primaryimage","url":"https:\/\/chimene.org\/centre-baudelaire\/wp-content\/uploads\/sites\/6\/2023\/11\/SiteP1050457_BD.jpg","contentUrl":"https:\/\/chimene.org\/centre-baudelaire\/wp-content\/uploads\/sites\/6\/2023\/11\/SiteP1050457_BD.jpg","width":1600,"height":1201},{"@type":"BreadcrumbList","@id":"https:\/\/chimene.org\/centre-baudelaire\/consultations-et-groupes\/#breadcrumb","itemListElement":[{"@type":"ListItem","position":1,"name":"Accueil","item":"https:\/\/chimene.org\/centre-baudelaire\/"},{"@type":"ListItem","position":2,"name":"Consultations et groupes"}]},{"@type":"WebSite","@id":"https:\/\/chimene.org\/centre-baudelaire\/#website","url":"https:\/\/chimene.org\/centre-baudelaire\/","name":"CSAPA Baudelaire","description":"","potentialAction":[{"@type":"SearchAction","target":{"@type":"EntryPoint","urlTemplate":"https:\/\/chimene.org\/centre-baudelaire\/?s={search_term_string}"},"query-input":{"@type":"PropertyValueSpecification","valueRequired":true,"valueName":"search_term_string"}}],"inLanguage":"fr-FR"}]}},"_links":{"self":[{"href":"https:\/\/chimene.org\/centre-baudelaire\/wp-json\/wp\/v2\/pages\/8","targetHints":{"allow":["GET"]}}],"collection":[{"href":"https:\/\/chimene.org\/centre-baudelaire\/wp-json\/wp\/v2\/pages"}],"about":[{"href":"https:\/\/chimene.org\/centre-baudelaire\/wp-json\/wp\/v2\/types\/page"}],"author":[{"embeddable":true,"href":"https:\/\/chimene.org\/centre-baudelaire\/wp-json\/wp\/v2\/users\/1"}],"replies":[{"embeddable":true,"href":"https:\/\/chimene.org\/centre-baudelaire\/wp-json\/wp\/v2\/comments?post=8"}],"version-history":[{"count":16,"href":"https:\/\/chimene.org\/centre-baudelaire\/wp-json\/wp\/v2\/pages\/8\/revisions"}],"predecessor-version":[{"id":192,"href":"https:\/\/chimene.org\/centre-baudelaire\/wp-json\/wp\/v2\/pages\/8\/revisions\/192"}],"wp:attachment":[{"href":"https:\/\/chimene.org\/centre-baudelaire\/wp-json\/wp\/v2\/media?parent=8"}],"curies":[{"name":"wp","href":"https:\/\/api.w.org\/{rel}","templated":true}]}}