{"id":62,"date":"2022-06-29T09:44:44","date_gmt":"2022-06-29T07:44:44","guid":{"rendered":"http:\/\/associde.cluster006.ovh.net\/chimene\/?page_id=62"},"modified":"2026-03-16T14:23:34","modified_gmt":"2026-03-16T13:23:34","slug":"consultations","status":"publish","type":"page","link":"https:\/\/chimene.org\/centre-chimene\/consultations\/","title":{"rendered":"Consultations, groupes et ateliers"},"content":{"rendered":"\n<h2 class=\"wp-block-heading\">Les professionnels du Centre chimene menent des groupes therapeutiques et animent des ateliers<\/h2>\n\n\n\n<div class=\"wp-block-columns is-layout-flex wp-container-core-columns-is-layout-9d6595d7 wp-block-columns-is-layout-flex\">\n<div class=\"wp-block-column is-layout-flow wp-block-column-is-layout-flow\">\n<h2 class=\"wp-block-heading\">Groupes Th\u00e9rapeutiques<\/h2>\n\n\n\n<p class=\"grand\">Les psychologues de l\u2019\u00e9quipe, en parall\u00e8le de leurs consultations, animent diff\u00e9rents groupes<\/p>\n<\/div>\n\n\n\n<div class=\"wp-block-column is-layout-flow wp-block-column-is-layout-flow\">\n<figure class=\"wp-block-image size-large\"><img loading=\"lazy\" decoding=\"async\" width=\"1024\" height=\"768\" src=\"https:\/\/chimene.org\/wp-content\/uploads\/sites\/3\/2022\/07\/IMG_20191021_160606Bis-1024x768.jpg\" alt=\"\" class=\"wp-image-124\" srcset=\"https:\/\/chimene.org\/centre-chimene\/wp-content\/uploads\/sites\/3\/2022\/07\/IMG_20191021_160606Bis-1024x768.jpg 1024w, https:\/\/chimene.org\/centre-chimene\/wp-content\/uploads\/sites\/3\/2022\/07\/IMG_20191021_160606Bis-300x225.jpg 300w, https:\/\/chimene.org\/centre-chimene\/wp-content\/uploads\/sites\/3\/2022\/07\/IMG_20191021_160606Bis-768x576.jpg 768w, https:\/\/chimene.org\/centre-chimene\/wp-content\/uploads\/sites\/3\/2022\/07\/IMG_20191021_160606Bis-1536x1152.jpg 1536w, https:\/\/chimene.org\/centre-chimene\/wp-content\/uploads\/sites\/3\/2022\/07\/IMG_20191021_160606Bis-2048x1536.jpg 2048w\" sizes=\"auto, (max-width: 1024px) 100vw, 1024px\" \/><\/figure>\n<\/div>\n<\/div>\n\n\n\n<div class=\"wp-block-columns is-layout-flex wp-container-core-columns-is-layout-9d6595d7 wp-block-columns-is-layout-flex\">\n<div class=\"wp-block-column is-layout-flow wp-block-column-is-layout-flow\">\n<h2 class=\"wp-block-heading\"><\/h2>\n\n\n\n<p><\/p>\n<\/div>\n\n\n\n<div class=\"wp-block-column is-layout-flow wp-block-column-is-layout-flow\">\n<p><strong> <\/strong><br><br><\/p>\n<\/div>\n<\/div>\n\n\n\n<hr class=\"wp-block-separator has-alpha-channel-opacity is-style-wide\"\/>\n\n\n\n<div class=\"wp-block-columns is-layout-flex wp-container-core-columns-is-layout-9d6595d7 wp-block-columns-is-layout-flex\">\n<div class=\"wp-block-column is-layout-flow wp-block-column-is-layout-flow\">\n<h2 class=\"wp-block-heading\">GROUPE DE PAROLE POUR ADULTE AUTOUR DU CORPS ET DES SENSATIONS <\/h2>\n\n\n\n<p><\/p>\n<\/div>\n\n\n\n<div class=\"wp-block-column is-layout-flow wp-block-column-is-layout-flow\">\n<figure class=\"wp-block-image size-full\"><img loading=\"lazy\" decoding=\"async\" width=\"893\" height=\"1220\" src=\"https:\/\/chimene.org\/centre-chimene\/wp-content\/uploads\/sites\/3\/2025\/09\/Capture-corps-et-sensations.png\" alt=\"\" class=\"wp-image-381\" srcset=\"https:\/\/chimene.org\/centre-chimene\/wp-content\/uploads\/sites\/3\/2025\/09\/Capture-corps-et-sensations.png 893w, https:\/\/chimene.org\/centre-chimene\/wp-content\/uploads\/sites\/3\/2025\/09\/Capture-corps-et-sensations-220x300.png 220w, https:\/\/chimene.org\/centre-chimene\/wp-content\/uploads\/sites\/3\/2025\/09\/Capture-corps-et-sensations-750x1024.png 750w, https:\/\/chimene.org\/centre-chimene\/wp-content\/uploads\/sites\/3\/2025\/09\/Capture-corps-et-sensations-768x1049.png 768w\" sizes=\"auto, (max-width: 893px) 100vw, 893px\" \/><\/figure>\n<\/div>\n<\/div>\n\n\n\n<figure class=\"wp-block-image size-large\"><img loading=\"lazy\" decoding=\"async\" width=\"772\" height=\"1024\" src=\"https:\/\/chimene.org\/centre-chimene\/wp-content\/uploads\/sites\/3\/2025\/09\/Capture-corps-et-sensation-verso-772x1024.png\" alt=\"\" class=\"wp-image-380\" srcset=\"https:\/\/chimene.org\/centre-chimene\/wp-content\/uploads\/sites\/3\/2025\/09\/Capture-corps-et-sensation-verso-772x1024.png 772w, https:\/\/chimene.org\/centre-chimene\/wp-content\/uploads\/sites\/3\/2025\/09\/Capture-corps-et-sensation-verso-226x300.png 226w, https:\/\/chimene.org\/centre-chimene\/wp-content\/uploads\/sites\/3\/2025\/09\/Capture-corps-et-sensation-verso-768x1019.png 768w, https:\/\/chimene.org\/centre-chimene\/wp-content\/uploads\/sites\/3\/2025\/09\/Capture-corps-et-sensation-verso.png 916w\" sizes=\"auto, (max-width: 772px) 100vw, 772px\" \/><\/figure>\n\n\n\n<hr class=\"wp-block-separator has-alpha-channel-opacity is-style-wide\"\/>\n\n\n\n<div class=\"wp-block-columns is-layout-flex wp-container-core-columns-is-layout-9d6595d7 wp-block-columns-is-layout-flex\">\n<div class=\"wp-block-column is-layout-flow wp-block-column-is-layout-flow\">\n<h2 class=\"wp-block-heading\"><\/h2>\n<\/div>\n<\/div>\n\n\n\n<hr class=\"wp-block-separator has-alpha-channel-opacity is-style-wide\"\/>\n\n\n\n<h2 class=\"wp-block-heading\">Groupe RELAXATION<\/h2>\n\n\n\n<figure class=\"wp-block-image size-large\"><img loading=\"lazy\" decoding=\"async\" width=\"725\" height=\"1024\" src=\"https:\/\/chimene.org\/centre-chimene\/wp-content\/uploads\/sites\/3\/2025\/09\/Capture-Affiche-relaxation-725x1024.png\" alt=\"\" class=\"wp-image-379\" srcset=\"https:\/\/chimene.org\/centre-chimene\/wp-content\/uploads\/sites\/3\/2025\/09\/Capture-Affiche-relaxation-725x1024.png 725w, https:\/\/chimene.org\/centre-chimene\/wp-content\/uploads\/sites\/3\/2025\/09\/Capture-Affiche-relaxation-212x300.png 212w, https:\/\/chimene.org\/centre-chimene\/wp-content\/uploads\/sites\/3\/2025\/09\/Capture-Affiche-relaxation.png 760w\" sizes=\"auto, (max-width: 725px) 100vw, 725px\" \/><\/figure>\n\n\n\n<div class=\"wp-block-columns is-layout-flex wp-container-core-columns-is-layout-9d6595d7 wp-block-columns-is-layout-flex\">\n<div class=\"wp-block-column is-layout-flow wp-block-column-is-layout-flow\">\n<h2 class=\"wp-block-heading\">LES Ateliers<\/h2>\n\n\n\n<p class=\"grand\">Une art-th\u00e9rapeute propose un atelier d\u2019arts plastiques et des sorties culturelles.<\/p>\n\n\n\n<p class=\"has-large-font-size\"><strong>Une \u00e9ducatrice sp\u00e9cialis\u00e9e et un m\u00e9decin vous propose un atelier de jardinage et des sorties au vert.<\/strong> <\/p>\n\n\n\n<p class=\"has-large-font-size\"><strong>Le coordinateur propose un atelier \u00ab&nbsp;Musique&nbsp;\u00bb, des sorties-concert et des participations \u00e0 des sc\u00e8nes ouvertes en partenariat avec L\u2019Entrepont\/Le R\u00e9acteur.<\/strong><\/p>\n\n\n\n<p class=\"has-large-font-size\">Un atelier cuisine est propos\u00e9 par l&rsquo;infirmi\u00e8re.<\/p>\n\n\n\n<p class=\"has-large-font-size\">Un atelier d&rsquo;activit\u00e9 physique adapt\u00e9e est propos\u00e9 par une \u00e9ducatrice sp\u00e9cialis\u00e9e avec la possibilit\u00e9 de travailler individuellement un projet sportif.<\/p>\n\n\n\n<figure class=\"wp-block-image size-full\"><img loading=\"lazy\" decoding=\"async\" width=\"654\" height=\"931\" src=\"https:\/\/chimene.org\/centre-chimene\/wp-content\/uploads\/sites\/3\/2025\/10\/CaptureProjet-sportif.png\" alt=\"\" class=\"wp-image-413\" srcset=\"https:\/\/chimene.org\/centre-chimene\/wp-content\/uploads\/sites\/3\/2025\/10\/CaptureProjet-sportif.png 654w, https:\/\/chimene.org\/centre-chimene\/wp-content\/uploads\/sites\/3\/2025\/10\/CaptureProjet-sportif-211x300.png 211w\" sizes=\"auto, (max-width: 654px) 100vw, 654px\" \/><\/figure>\n\n\n\n<p><\/p>\n<\/div>\n\n\n\n<div class=\"wp-block-column is-layout-flow wp-block-column-is-layout-flow\">\n<figure class=\"wp-block-image size-large\"><img loading=\"lazy\" decoding=\"async\" width=\"576\" height=\"1024\" src=\"https:\/\/chimene.org\/wp-content\/uploads\/sites\/3\/2022\/07\/IMG-20211027-WA0007-576x1024.jpg\" alt=\"\" class=\"wp-image-120\" srcset=\"https:\/\/chimene.org\/centre-chimene\/wp-content\/uploads\/sites\/3\/2022\/07\/IMG-20211027-WA0007-576x1024.jpg 576w, https:\/\/chimene.org\/centre-chimene\/wp-content\/uploads\/sites\/3\/2022\/07\/IMG-20211027-WA0007-169x300.jpg 169w, https:\/\/chimene.org\/centre-chimene\/wp-content\/uploads\/sites\/3\/2022\/07\/IMG-20211027-WA0007-768x1365.jpg 768w, https:\/\/chimene.org\/centre-chimene\/wp-content\/uploads\/sites\/3\/2022\/07\/IMG-20211027-WA0007-864x1536.jpg 864w, https:\/\/chimene.org\/centre-chimene\/wp-content\/uploads\/sites\/3\/2022\/07\/IMG-20211027-WA0007.jpg 900w\" sizes=\"auto, (max-width: 576px) 100vw, 576px\" \/><\/figure>\n\n\n\n<figure class=\"wp-block-image size-large\"><img decoding=\"async\" src=\"https:\/\/chimene.org\/wp-content\/uploads\/sites\/3\/2022\/06\/2021-10-22-_Paolo_Carrozzino-CIDE_Champion-_PAO1500.jpg\" alt=\"\"\/><\/figure>\n\n\n\n<figure class=\"wp-block-image size-full\"><img loading=\"lazy\" decoding=\"async\" width=\"684\" height=\"965\" src=\"https:\/\/chimene.org\/centre-chimene\/wp-content\/uploads\/sites\/3\/2025\/10\/CaptureAPA.png\" alt=\"\" class=\"wp-image-410\" srcset=\"https:\/\/chimene.org\/centre-chimene\/wp-content\/uploads\/sites\/3\/2025\/10\/CaptureAPA.png 684w, https:\/\/chimene.org\/centre-chimene\/wp-content\/uploads\/sites\/3\/2025\/10\/CaptureAPA-213x300.png 213w\" sizes=\"auto, (max-width: 684px) 100vw, 684px\" \/><\/figure>\n<\/div>\n<\/div>\n\n\n\n<hr class=\"wp-block-separator has-alpha-channel-opacity is-style-wide\"\/>\n\n\n\n<div class=\"wp-block-columns is-layout-flex wp-container-core-columns-is-layout-9d6595d7 wp-block-columns-is-layout-flex\">\n<div class=\"wp-block-column is-layout-flow wp-block-column-is-layout-flow\" style=\"flex-basis:25%\"><div class=\"wp-block-image\">\n<figure class=\"alignleft size-large\"><img loading=\"lazy\" decoding=\"async\" width=\"724\" height=\"1024\" src=\"https:\/\/chimene.org\/centre-chimene\/wp-content\/uploads\/sites\/3\/2023\/11\/04_AFFICHES_Chimene_JARDINS_230925-copie-724x1024.jpg\" alt=\"\" class=\"wp-image-236\" srcset=\"https:\/\/chimene.org\/centre-chimene\/wp-content\/uploads\/sites\/3\/2023\/11\/04_AFFICHES_Chimene_JARDINS_230925-copie-724x1024.jpg 724w, https:\/\/chimene.org\/centre-chimene\/wp-content\/uploads\/sites\/3\/2023\/11\/04_AFFICHES_Chimene_JARDINS_230925-copie-212x300.jpg 212w, https:\/\/chimene.org\/centre-chimene\/wp-content\/uploads\/sites\/3\/2023\/11\/04_AFFICHES_Chimene_JARDINS_230925-copie-768x1087.jpg 768w, https:\/\/chimene.org\/centre-chimene\/wp-content\/uploads\/sites\/3\/2023\/11\/04_AFFICHES_Chimene_JARDINS_230925-copie.jpg 1000w\" sizes=\"auto, (max-width: 724px) 100vw, 724px\" \/><\/figure><\/div><\/div>\n\n\n\n<div class=\"wp-block-column is-layout-flow wp-block-column-is-layout-flow\" style=\"flex-basis:25%\"><div class=\"wp-block-image\">\n<figure class=\"alignleft size-large\"><img loading=\"lazy\" decoding=\"async\" width=\"724\" height=\"1024\" src=\"https:\/\/chimene.org\/centre-chimene\/wp-content\/uploads\/sites\/3\/2023\/11\/03_AFFICHES_Chimene_MUSIQUE_230925-copie-724x1024.jpg\" alt=\"\" class=\"wp-image-235\" srcset=\"https:\/\/chimene.org\/centre-chimene\/wp-content\/uploads\/sites\/3\/2023\/11\/03_AFFICHES_Chimene_MUSIQUE_230925-copie-724x1024.jpg 724w, https:\/\/chimene.org\/centre-chimene\/wp-content\/uploads\/sites\/3\/2023\/11\/03_AFFICHES_Chimene_MUSIQUE_230925-copie-212x300.jpg 212w, https:\/\/chimene.org\/centre-chimene\/wp-content\/uploads\/sites\/3\/2023\/11\/03_AFFICHES_Chimene_MUSIQUE_230925-copie-768x1086.jpg 768w, https:\/\/chimene.org\/centre-chimene\/wp-content\/uploads\/sites\/3\/2023\/11\/03_AFFICHES_Chimene_MUSIQUE_230925-copie.jpg 1000w\" sizes=\"auto, (max-width: 724px) 100vw, 724px\" \/><\/figure><\/div><\/div>\n\n\n\n<div class=\"wp-block-column is-layout-flow wp-block-column-is-layout-flow\" style=\"flex-basis:25%\"><div class=\"wp-block-image\">\n<figure class=\"alignleft size-large\"><img loading=\"lazy\" decoding=\"async\" width=\"723\" height=\"1024\" src=\"https:\/\/chimene.org\/centre-chimene\/wp-content\/uploads\/sites\/3\/2023\/11\/05_AFFICHES_Chimene_ARTSPLA_230925-copie-723x1024.jpg\" alt=\"\" class=\"wp-image-237\" srcset=\"https:\/\/chimene.org\/centre-chimene\/wp-content\/uploads\/sites\/3\/2023\/11\/05_AFFICHES_Chimene_ARTSPLA_230925-copie-723x1024.jpg 723w, https:\/\/chimene.org\/centre-chimene\/wp-content\/uploads\/sites\/3\/2023\/11\/05_AFFICHES_Chimene_ARTSPLA_230925-copie-212x300.jpg 212w, https:\/\/chimene.org\/centre-chimene\/wp-content\/uploads\/sites\/3\/2023\/11\/05_AFFICHES_Chimene_ARTSPLA_230925-copie-768x1088.jpg 768w, https:\/\/chimene.org\/centre-chimene\/wp-content\/uploads\/sites\/3\/2023\/11\/05_AFFICHES_Chimene_ARTSPLA_230925-copie.jpg 1000w\" sizes=\"auto, (max-width: 723px) 100vw, 723px\" \/><\/figure><\/div><\/div>\n\n\n\n<div class=\"wp-block-column is-layout-flow wp-block-column-is-layout-flow\" style=\"flex-basis:25%\"><div class=\"wp-block-image\">\n<figure class=\"alignleft size-large\"><img loading=\"lazy\" decoding=\"async\" width=\"723\" height=\"1024\" src=\"https:\/\/chimene.org\/centre-chimene\/wp-content\/uploads\/sites\/3\/2023\/11\/08_AFFICHES_Chimene_SansFiltre_230925-copie-723x1024.jpg\" alt=\"\" class=\"wp-image-240\" srcset=\"https:\/\/chimene.org\/centre-chimene\/wp-content\/uploads\/sites\/3\/2023\/11\/08_AFFICHES_Chimene_SansFiltre_230925-copie-723x1024.jpg 723w, https:\/\/chimene.org\/centre-chimene\/wp-content\/uploads\/sites\/3\/2023\/11\/08_AFFICHES_Chimene_SansFiltre_230925-copie-212x300.jpg 212w, https:\/\/chimene.org\/centre-chimene\/wp-content\/uploads\/sites\/3\/2023\/11\/08_AFFICHES_Chimene_SansFiltre_230925-copie-768x1087.jpg 768w, https:\/\/chimene.org\/centre-chimene\/wp-content\/uploads\/sites\/3\/2023\/11\/08_AFFICHES_Chimene_SansFiltre_230925-copie.jpg 1000w\" sizes=\"auto, (max-width: 723px) 100vw, 723px\" \/><\/figure><\/div><\/div>\n<\/div>\n\n\n\n<figure class=\"wp-block-image size-large is-resized\"><img loading=\"lazy\" decoding=\"async\" width=\"724\" height=\"1024\" src=\"https:\/\/chimene.org\/centre-chimene\/wp-content\/uploads\/sites\/3\/2024\/05\/Mangeons-724x1024.jpg\" alt=\"\" class=\"wp-image-290\" style=\"width:189px;height:auto\" srcset=\"https:\/\/chimene.org\/centre-chimene\/wp-content\/uploads\/sites\/3\/2024\/05\/Mangeons-724x1024.jpg 724w, https:\/\/chimene.org\/centre-chimene\/wp-content\/uploads\/sites\/3\/2024\/05\/Mangeons-212x300.jpg 212w, https:\/\/chimene.org\/centre-chimene\/wp-content\/uploads\/sites\/3\/2024\/05\/Mangeons-768x1086.jpg 768w, https:\/\/chimene.org\/centre-chimene\/wp-content\/uploads\/sites\/3\/2024\/05\/Mangeons-1086x1536.jpg 1086w, https:\/\/chimene.org\/centre-chimene\/wp-content\/uploads\/sites\/3\/2024\/05\/Mangeons.jpg 1414w\" sizes=\"auto, (max-width: 724px) 100vw, 724px\" \/><\/figure>\n\n\n\n<hr class=\"wp-block-separator has-alpha-channel-opacity is-style-wide\"\/>\n\n\n\n<p>Expositions de Chim\u00e8ne<\/p>\n\n\n\n<p>Les ateliers exposent le fruit de leurs cr\u00e9ations chaque ann\u00e9e, en diff\u00e9rents lieux.<\/p>\n\n\n\n<figure class=\"wp-block-image size-full\"><img loading=\"lazy\" decoding=\"async\" width=\"1024\" height=\"768\" src=\"https:\/\/chimene.org\/wp-content\/uploads\/sites\/3\/2022\/07\/IMG-20210622-WA0000-2-1.jpg\" alt=\"\" class=\"wp-image-121\" srcset=\"https:\/\/chimene.org\/centre-chimene\/wp-content\/uploads\/sites\/3\/2022\/07\/IMG-20210622-WA0000-2-1.jpg 1024w, https:\/\/chimene.org\/centre-chimene\/wp-content\/uploads\/sites\/3\/2022\/07\/IMG-20210622-WA0000-2-1-300x225.jpg 300w, https:\/\/chimene.org\/centre-chimene\/wp-content\/uploads\/sites\/3\/2022\/07\/IMG-20210622-WA0000-2-1-768x576.jpg 768w\" sizes=\"auto, (max-width: 1024px) 100vw, 1024px\" \/><\/figure>\n\n\n\n<hr class=\"wp-block-separator has-alpha-channel-opacity is-style-wide\"\/>\n\n\n\n<div class=\"wp-block-columns is-layout-flex wp-container-core-columns-is-layout-9d6595d7 wp-block-columns-is-layout-flex\">\n<div class=\"wp-block-column is-layout-flow wp-block-column-is-layout-flow\">\n<p><\/p>\n\n\n\n<p><\/p>\n<\/div>\n\n\n\n<div class=\"wp-block-column is-layout-flow wp-block-column-is-layout-flow\" style=\"flex-basis:75%\"><\/div>\n<\/div>\n","protected":false},"excerpt":{"rendered":"<p>Les professionnels du Centre chimene menent des groupes therapeutiques et animent des ateliers Groupes Th\u00e9rapeutiques Les psychologues de l\u2019\u00e9quipe, en parall\u00e8le de leurs consultations, animent diff\u00e9rents groupes GROUPE DE PAROLE POUR ADULTE AUTOUR DU CORPS ET DES SENSATIONS Groupe RELAXATION LES Ateliers Une art-th\u00e9rapeute propose un atelier d\u2019arts plastiques et des sorties culturelles. Une \u00e9ducatrice [&hellip;]<\/p>\n","protected":false},"author":1,"featured_media":0,"parent":0,"menu_order":0,"comment_status":"closed","ping_status":"closed","template":"","meta":{"footnotes":""},"class_list":["post-62","page","type-page","status-publish","hentry"],"yoast_head":"<!-- This site is optimized with the Yoast SEO plugin v27.0 - https:\/\/yoast.com\/product\/yoast-seo-wordpress\/ -->\n<title>Consultations, groupes et ateliers - CSAPA Chim\u00e8ne<\/title>\n<meta name=\"robots\" content=\"index, follow, max-snippet:-1, max-image-preview:large, max-video-preview:-1\" \/>\n<link rel=\"canonical\" href=\"https:\/\/chimene.org\/centre-chimene\/consultations\/\" \/>\n<meta property=\"og:locale\" content=\"fr_FR\" \/>\n<meta property=\"og:type\" content=\"article\" \/>\n<meta property=\"og:title\" content=\"Consultations, groupes et ateliers - CSAPA Chim\u00e8ne\" \/>\n<meta property=\"og:description\" content=\"Les professionnels du Centre chimene menent des groupes therapeutiques et animent des ateliers Groupes Th\u00e9rapeutiques Les psychologues de l\u2019\u00e9quipe, en parall\u00e8le de leurs consultations, animent diff\u00e9rents groupes GROUPE DE PAROLE POUR ADULTE AUTOUR DU CORPS ET DES SENSATIONS Groupe RELAXATION LES Ateliers Une art-th\u00e9rapeute propose un atelier d\u2019arts plastiques et des sorties culturelles. Une \u00e9ducatrice [&hellip;]\" \/>\n<meta property=\"og:url\" content=\"https:\/\/chimene.org\/centre-chimene\/consultations\/\" \/>\n<meta property=\"og:site_name\" content=\"CSAPA Chim\u00e8ne\" \/>\n<meta property=\"article:modified_time\" content=\"2026-03-16T13:23:34+00:00\" \/>\n<meta property=\"og:image\" content=\"https:\/\/chimene.org\/centre-chimene\/wp-content\/uploads\/sites\/3\/2022\/07\/IMG_20191021_160606Bis-scaled.jpg\" \/>\n\t<meta property=\"og:image:width\" content=\"2560\" \/>\n\t<meta property=\"og:image:height\" content=\"1920\" \/>\n\t<meta property=\"og:image:type\" content=\"image\/jpeg\" \/>\n<meta name=\"twitter:card\" content=\"summary_large_image\" \/>\n<meta name=\"twitter:label1\" content=\"Dur\u00e9e de lecture estim\u00e9e\" \/>\n\t<meta name=\"twitter:data1\" content=\"4 minutes\" \/>\n<script type=\"application\/ld+json\" class=\"yoast-schema-graph\">{\"@context\":\"https:\/\/schema.org\",\"@graph\":[{\"@type\":\"WebPage\",\"@id\":\"https:\/\/chimene.org\/centre-chimene\/consultations\/\",\"url\":\"https:\/\/chimene.org\/centre-chimene\/consultations\/\",\"name\":\"Consultations, groupes et ateliers - CSAPA Chim\u00e8ne\",\"isPartOf\":{\"@id\":\"https:\/\/chimene.org\/centre-chimene\/#website\"},\"primaryImageOfPage\":{\"@id\":\"https:\/\/chimene.org\/centre-chimene\/consultations\/#primaryimage\"},\"image\":{\"@id\":\"https:\/\/chimene.org\/centre-chimene\/consultations\/#primaryimage\"},\"thumbnailUrl\":\"https:\/\/chimene.org\/wp-content\/uploads\/sites\/3\/2022\/07\/IMG_20191021_160606Bis-1024x768.jpg\",\"datePublished\":\"2022-06-29T07:44:44+00:00\",\"dateModified\":\"2026-03-16T13:23:34+00:00\",\"breadcrumb\":{\"@id\":\"https:\/\/chimene.org\/centre-chimene\/consultations\/#breadcrumb\"},\"inLanguage\":\"fr-FR\",\"potentialAction\":[{\"@type\":\"ReadAction\",\"target\":[\"https:\/\/chimene.org\/centre-chimene\/consultations\/\"]}]},{\"@type\":\"ImageObject\",\"inLanguage\":\"fr-FR\",\"@id\":\"https:\/\/chimene.org\/centre-chimene\/consultations\/#primaryimage\",\"url\":\"https:\/\/chimene.org\/wp-content\/uploads\/sites\/3\/2022\/07\/IMG_20191021_160606Bis-1024x768.jpg\",\"contentUrl\":\"https:\/\/chimene.org\/wp-content\/uploads\/sites\/3\/2022\/07\/IMG_20191021_160606Bis-1024x768.jpg\"},{\"@type\":\"BreadcrumbList\",\"@id\":\"https:\/\/chimene.org\/centre-chimene\/consultations\/#breadcrumb\",\"itemListElement\":[{\"@type\":\"ListItem\",\"position\":1,\"name\":\"Accueil\",\"item\":\"https:\/\/chimene.org\/centre-chimene\/\"},{\"@type\":\"ListItem\",\"position\":2,\"name\":\"Consultations, groupes et ateliers\"}]},{\"@type\":\"WebSite\",\"@id\":\"https:\/\/chimene.org\/centre-chimene\/#website\",\"url\":\"https:\/\/chimene.org\/centre-chimene\/\",\"name\":\"CSAPA Chim\u00e8ne\",\"description\":\"\",\"potentialAction\":[{\"@type\":\"SearchAction\",\"target\":{\"@type\":\"EntryPoint\",\"urlTemplate\":\"https:\/\/chimene.org\/centre-chimene\/?s={search_term_string}\"},\"query-input\":{\"@type\":\"PropertyValueSpecification\",\"valueRequired\":true,\"valueName\":\"search_term_string\"}}],\"inLanguage\":\"fr-FR\"}]}<\/script>\n<!-- \/ Yoast SEO plugin. -->","yoast_head_json":{"title":"Consultations, groupes et ateliers - CSAPA Chim\u00e8ne","robots":{"index":"index","follow":"follow","max-snippet":"max-snippet:-1","max-image-preview":"max-image-preview:large","max-video-preview":"max-video-preview:-1"},"canonical":"https:\/\/chimene.org\/centre-chimene\/consultations\/","og_locale":"fr_FR","og_type":"article","og_title":"Consultations, groupes et ateliers - CSAPA Chim\u00e8ne","og_description":"Les professionnels du Centre chimene menent des groupes therapeutiques et animent des ateliers Groupes Th\u00e9rapeutiques Les psychologues de l\u2019\u00e9quipe, en parall\u00e8le de leurs consultations, animent diff\u00e9rents groupes GROUPE DE PAROLE POUR ADULTE AUTOUR DU CORPS ET DES SENSATIONS Groupe RELAXATION LES Ateliers Une art-th\u00e9rapeute propose un atelier d\u2019arts plastiques et des sorties culturelles. Une \u00e9ducatrice [&hellip;]","og_url":"https:\/\/chimene.org\/centre-chimene\/consultations\/","og_site_name":"CSAPA Chim\u00e8ne","article_modified_time":"2026-03-16T13:23:34+00:00","og_image":[{"width":2560,"height":1920,"url":"https:\/\/chimene.org\/centre-chimene\/wp-content\/uploads\/sites\/3\/2022\/07\/IMG_20191021_160606Bis-scaled.jpg","type":"image\/jpeg"}],"twitter_card":"summary_large_image","twitter_misc":{"Dur\u00e9e de lecture estim\u00e9e":"4 minutes"},"schema":{"@context":"https:\/\/schema.org","@graph":[{"@type":"WebPage","@id":"https:\/\/chimene.org\/centre-chimene\/consultations\/","url":"https:\/\/chimene.org\/centre-chimene\/consultations\/","name":"Consultations, groupes et ateliers - CSAPA Chim\u00e8ne","isPartOf":{"@id":"https:\/\/chimene.org\/centre-chimene\/#website"},"primaryImageOfPage":{"@id":"https:\/\/chimene.org\/centre-chimene\/consultations\/#primaryimage"},"image":{"@id":"https:\/\/chimene.org\/centre-chimene\/consultations\/#primaryimage"},"thumbnailUrl":"https:\/\/chimene.org\/wp-content\/uploads\/sites\/3\/2022\/07\/IMG_20191021_160606Bis-1024x768.jpg","datePublished":"2022-06-29T07:44:44+00:00","dateModified":"2026-03-16T13:23:34+00:00","breadcrumb":{"@id":"https:\/\/chimene.org\/centre-chimene\/consultations\/#breadcrumb"},"inLanguage":"fr-FR","potentialAction":[{"@type":"ReadAction","target":["https:\/\/chimene.org\/centre-chimene\/consultations\/"]}]},{"@type":"ImageObject","inLanguage":"fr-FR","@id":"https:\/\/chimene.org\/centre-chimene\/consultations\/#primaryimage","url":"https:\/\/chimene.org\/wp-content\/uploads\/sites\/3\/2022\/07\/IMG_20191021_160606Bis-1024x768.jpg","contentUrl":"https:\/\/chimene.org\/wp-content\/uploads\/sites\/3\/2022\/07\/IMG_20191021_160606Bis-1024x768.jpg"},{"@type":"BreadcrumbList","@id":"https:\/\/chimene.org\/centre-chimene\/consultations\/#breadcrumb","itemListElement":[{"@type":"ListItem","position":1,"name":"Accueil","item":"https:\/\/chimene.org\/centre-chimene\/"},{"@type":"ListItem","position":2,"name":"Consultations, groupes et ateliers"}]},{"@type":"WebSite","@id":"https:\/\/chimene.org\/centre-chimene\/#website","url":"https:\/\/chimene.org\/centre-chimene\/","name":"CSAPA Chim\u00e8ne","description":"","potentialAction":[{"@type":"SearchAction","target":{"@type":"EntryPoint","urlTemplate":"https:\/\/chimene.org\/centre-chimene\/?s={search_term_string}"},"query-input":{"@type":"PropertyValueSpecification","valueRequired":true,"valueName":"search_term_string"}}],"inLanguage":"fr-FR"}]}},"_links":{"self":[{"href":"https:\/\/chimene.org\/centre-chimene\/wp-json\/wp\/v2\/pages\/62","targetHints":{"allow":["GET"]}}],"collection":[{"href":"https:\/\/chimene.org\/centre-chimene\/wp-json\/wp\/v2\/pages"}],"about":[{"href":"https:\/\/chimene.org\/centre-chimene\/wp-json\/wp\/v2\/types\/page"}],"author":[{"embeddable":true,"href":"https:\/\/chimene.org\/centre-chimene\/wp-json\/wp\/v2\/users\/1"}],"replies":[{"embeddable":true,"href":"https:\/\/chimene.org\/centre-chimene\/wp-json\/wp\/v2\/comments?post=62"}],"version-history":[{"count":31,"href":"https:\/\/chimene.org\/centre-chimene\/wp-json\/wp\/v2\/pages\/62\/revisions"}],"predecessor-version":[{"id":465,"href":"https:\/\/chimene.org\/centre-chimene\/wp-json\/wp\/v2\/pages\/62\/revisions\/465"}],"wp:attachment":[{"href":"https:\/\/chimene.org\/centre-chimene\/wp-json\/wp\/v2\/media?parent=62"}],"curies":[{"name":"wp","href":"https:\/\/api.w.org\/{rel}","templated":true}]}}